{"id":2641,"date":"2023-06-10T17:21:35","date_gmt":"2023-06-10T15:21:35","guid":{"rendered":"http:\/\/test.esjot.biz.pl\/?page_id=2641"},"modified":"2023-10-26T18:21:37","modified_gmt":"2023-10-26T16:21:37","slug":"schody","status":"publish","type":"page","link":"https:\/\/esjot.biz.pl\/en\/oferta\/schody\/","title":{"rendered":"Stairs"},"content":{"rendered":"<div data-elementor-type=\"wp-post\" data-elementor-id=\"2641\" class=\"elementor elementor-2641\">\n\t\t\t\t\t\t<section class=\"elementor-section elementor-top-section elementor-element elementor-element-4ac3974 elementor-section-content-middle elementor-section-boxed elementor-section-height-default elementor-section-height-default\" data-id=\"4ac3974\" data-element_type=\"section\" data-settings=\"{&quot;background_background&quot;:&quot;classic&quot;}\">\n\t\t\t\t\t\t<div class=\"elementor-container elementor-column-gap-no\">\n\t\t\t\t\t<div class=\"elementor-column elementor-col-100 elementor-top-column elementor-element elementor-element-2514fbe\" data-id=\"2514fbe\" data-element_type=\"column\" data-settings=\"{&quot;background_background&quot;:&quot;classic&quot;}\">\n\t\t\t<div class=\"elementor-widget-wrap elementor-element-populated\">\n\t\t\t\t\t\t<div class=\"elementor-element elementor-element-41b25d8 elementor-invisible elementor-widget elementor-widget-heading\" data-id=\"41b25d8\" data-element_type=\"widget\" data-settings=\"{&quot;_animation&quot;:&quot;fadeInUp&quot;}\" data-widget_type=\"heading.default\">\n\t\t\t\t<div class=\"elementor-widget-container\">\n\t\t\t<style>\/*! elementor - v3.21.0 - 26-05-2024 *\/\n.elementor-heading-title{padding:0;margin:0;line-height:1}.elementor-widget-heading .elementor-heading-title[class*=elementor-size-]>a{color:inherit;font-size:inherit;line-height:inherit}.elementor-widget-heading .elementor-heading-title.elementor-size-small{font-size:15px}.elementor-widget-heading .elementor-heading-title.elementor-size-medium{font-size:19px}.elementor-widget-heading .elementor-heading-title.elementor-size-large{font-size:29px}.elementor-widget-heading .elementor-heading-title.elementor-size-xl{font-size:39px}.elementor-widget-heading .elementor-heading-title.elementor-size-xxl{font-size:59px}<\/style><h1 class=\"elementor-heading-title elementor-size-default\">SERVICES<\/h1>\t\t<\/div>\n\t\t\t\t<\/div>\n\t\t\t\t<div class=\"elementor-element elementor-element-426b5e7 elementor-invisible elementor-widget elementor-widget-heading\" data-id=\"426b5e7\" data-element_type=\"widget\" data-settings=\"{&quot;_animation&quot;:&quot;fadeInUp&quot;}\" data-widget_type=\"heading.default\">\n\t\t\t\t<div class=\"elementor-widget-container\">\n\t\t\t<h1 class=\"elementor-heading-title elementor-size-default\">STAIRS<\/h1>\t\t<\/div>\n\t\t\t\t<\/div>\n\t\t\t\t\t<\/div>\n\t\t<\/div>\n\t\t\t\t\t<\/div>\n\t\t<\/section>\n\t\t\t\t<section class=\"elementor-section elementor-top-section elementor-element elementor-element-a8b4494 elementor-hidden-mobile elementor-section-boxed elementor-section-height-default elementor-section-height-default\" data-id=\"a8b4494\" data-element_type=\"section\">\n\t\t\t\t\t\t<div class=\"elementor-container elementor-column-gap-default\">\n\t\t\t\t\t<div class=\"elementor-column elementor-col-50 elementor-top-column elementor-element elementor-element-f4f6b08\" data-id=\"f4f6b08\" data-element_type=\"column\">\n\t\t\t<div class=\"elementor-widget-wrap elementor-element-populated\">\n\t\t\t\t\t\t<div class=\"elementor-element elementor-element-51ec05e elementor-widget elementor-widget-image\" data-id=\"51ec05e\" data-element_type=\"widget\" data-widget_type=\"image.default\">\n\t\t\t\t<div class=\"elementor-widget-container\">\n\t\t\t<style>\/*! elementor - v3.21.0 - 26-05-2024 *\/\n.elementor-widget-image{text-align:center}.elementor-widget-image a{display:inline-block}.elementor-widget-image a img[src$=\".svg\"]{width:48px}.elementor-widget-image img{vertical-align:middle;display:inline-block}<\/style>\t\t\t\t\t\t\t\t\t\t<img fetchpriority=\"high\" decoding=\"async\" width=\"1024\" height=\"1024\" src=\"https:\/\/esjot.biz.pl\/wp-content\/uploads\/2022\/12\/ESjOT_home_wciecie_pion.svg\" class=\"attachment-large size-large wp-image-1181\" alt=\"\" \/>\t\t\t\t\t\t\t\t\t\t\t\t\t<\/div>\n\t\t\t\t<\/div>\n\t\t\t\t\t<\/div>\n\t\t<\/div>\n\t\t\t\t<div class=\"elementor-column elementor-col-50 elementor-top-column elementor-element elementor-element-fc90b4f\" data-id=\"fc90b4f\" data-element_type=\"column\">\n\t\t\t<div class=\"elementor-widget-wrap\">\n\t\t\t\t\t\t\t<\/div>\n\t\t<\/div>\n\t\t\t\t\t<\/div>\n\t\t<\/section>\n\t\t\t\t<section class=\"elementor-section elementor-inner-section elementor-element elementor-element-2a7c081d elementor-section-boxed elementor-section-height-default elementor-section-height-default\" data-id=\"2a7c081d\" data-element_type=\"section\" data-settings=\"{&quot;background_background&quot;:&quot;classic&quot;}\">\n\t\t\t\t\t\t<div class=\"elementor-container elementor-column-gap-no\">\n\t\t\t\t\t<div class=\"elementor-column elementor-col-50 elementor-inner-column elementor-element elementor-element-d5f73db\" data-id=\"d5f73db\" data-element_type=\"column\" data-settings=\"{&quot;background_background&quot;:&quot;classic&quot;}\">\n\t\t\t<div class=\"elementor-widget-wrap elementor-element-populated\">\n\t\t\t\t\t\t<div class=\"elementor-element elementor-element-7f0b29b elementor-widget elementor-widget-image\" data-id=\"7f0b29b\" data-element_type=\"widget\" data-widget_type=\"image.default\">\n\t\t\t\t<div class=\"elementor-widget-container\">\n\t\t\t\t\t\t\t\t\t\t\t\t\t<img decoding=\"async\" width=\"1024\" height=\"1024\" src=\"https:\/\/esjot.biz.pl\/wp-content\/uploads\/2023\/06\/ESjOT_home_icon_schody_WHITE2.svg\" class=\"attachment-large size-large wp-image-2650\" alt=\"\" \/>\t\t\t\t\t\t\t\t\t\t\t\t\t<\/div>\n\t\t\t\t<\/div>\n\t\t\t\t\t<\/div>\n\t\t<\/div>\n\t\t\t\t<div class=\"elementor-column elementor-col-50 elementor-inner-column elementor-element elementor-element-22cae708\" data-id=\"22cae708\" data-element_type=\"column\" data-settings=\"{&quot;background_background&quot;:&quot;classic&quot;}\">\n\t\t\t<div class=\"elementor-widget-wrap elementor-element-populated\">\n\t\t\t\t\t\t<div class=\"elementor-element elementor-element-1ca0813 elementor-widget elementor-widget-text-editor\" data-id=\"1ca0813\" data-element_type=\"widget\" data-widget_type=\"text-editor.default\">\n\t\t\t\t<div class=\"elementor-widget-container\">\n\t\t\t<style>\/*! elementor - v3.21.0 - 26-05-2024 *\/\n.elementor-widget-text-editor.elementor-drop-cap-view-stacked .elementor-drop-cap{background-color:#69727d;color:#fff}.elementor-widget-text-editor.elementor-drop-cap-view-framed .elementor-drop-cap{color:#69727d;border:3px solid;background-color:transparent}.elementor-widget-text-editor:not(.elementor-drop-cap-view-default) .elementor-drop-cap{margin-top:8px}.elementor-widget-text-editor:not(.elementor-drop-cap-view-default) .elementor-drop-cap-letter{width:1em;height:1em}.elementor-widget-text-editor .elementor-drop-cap{float:left;text-align:center;line-height:1;font-size:50px}.elementor-widget-text-editor .elementor-drop-cap-letter{display:inline-block}<\/style>\t\t\t\t<p>Our staircases are not only used to span the distance between floors. Apart from their obvious function, they are frequently an element of great aesthetic potential, creating a new dimension of architectural space. Extremely durable steel stairs offered by us, in various finishing standards, such as natural stone, concrete, glass, wood and carpet, leave almost unlimited design possibilities. We like to have and give choices to the recipients of our services.<\/p>\t\t\t\t\t\t<\/div>\n\t\t\t\t<\/div>\n\t\t\t\t\t<\/div>\n\t\t<\/div>\n\t\t\t\t\t<\/div>\n\t\t<\/section>\n\t\t\t\t<section class=\"elementor-section elementor-top-section elementor-element elementor-element-6831bb4 elementor-section-boxed elementor-section-height-default elementor-section-height-default\" data-id=\"6831bb4\" data-element_type=\"section\">\n\t\t\t\t\t\t<div class=\"elementor-container elementor-column-gap-default\">\n\t\t\t\t\t<div class=\"elementor-column elementor-col-100 elementor-top-column elementor-element elementor-element-3d270b0\" data-id=\"3d270b0\" data-element_type=\"column\">\n\t\t\t<div class=\"elementor-widget-wrap elementor-element-populated\">\n\t\t\t\t\t\t<div class=\"elementor-element elementor-element-611da1e elementor-widget elementor-widget-heading\" data-id=\"611da1e\" data-element_type=\"widget\" data-widget_type=\"heading.default\">\n\t\t\t\t<div class=\"elementor-widget-container\">\n\t\t\t<h2 class=\"elementor-heading-title elementor-size-default\">STAIRS<\/h2>\t\t<\/div>\n\t\t\t\t<\/div>\n\t\t\t\t<div class=\"elementor-element elementor-element-58e3d07 elementor-widget elementor-widget-heading\" data-id=\"58e3d07\" data-element_type=\"widget\" data-widget_type=\"heading.default\">\n\t\t\t\t<div class=\"elementor-widget-container\">\n\t\t\t<h2 class=\"elementor-heading-title elementor-size-default\">we manufacture various types of stairs<\/h2>\t\t<\/div>\n\t\t\t\t<\/div>\n\t\t\t\t<section class=\"elementor-section elementor-inner-section elementor-element elementor-element-f5996c9 elementor-section-boxed elementor-section-height-default elementor-section-height-default\" data-id=\"f5996c9\" data-element_type=\"section\">\n\t\t\t\t\t\t<div class=\"elementor-container elementor-column-gap-default\">\n\t\t\t\t\t<div class=\"elementor-column elementor-col-33 elementor-inner-column elementor-element elementor-element-56fde32\" data-id=\"56fde32\" data-element_type=\"column\">\n\t\t\t<div class=\"elementor-widget-wrap elementor-element-populated\">\n\t\t\t\t\t\t<div class=\"elementor-element elementor-element-e8eb85b elementor-widget elementor-widget-image\" data-id=\"e8eb85b\" data-element_type=\"widget\" data-widget_type=\"image.default\">\n\t\t\t\t<div class=\"elementor-widget-container\">\n\t\t\t\t\t\t\t\t\t\t\t\t\t<img decoding=\"async\" width=\"1000\" height=\"555\" src=\"https:\/\/esjot.biz.pl\/wp-content\/uploads\/2023\/06\/schody_stalowee.jpg\" class=\"attachment-large size-large wp-image-2664\" alt=\"\" srcset=\"https:\/\/esjot.biz.pl\/wp-content\/uploads\/2023\/06\/schody_stalowee.jpg 1000w, https:\/\/esjot.biz.pl\/wp-content\/uploads\/2023\/06\/schody_stalowee-300x167.jpg 300w, https:\/\/esjot.biz.pl\/wp-content\/uploads\/2023\/06\/schody_stalowee-768x426.jpg 768w\" sizes=\"(max-width: 1000px) 100vw, 1000px\" \/>\t\t\t\t\t\t\t\t\t\t\t\t\t<\/div>\n\t\t\t\t<\/div>\n\t\t\t\t<div class=\"elementor-element elementor-element-6c2e40a elementor-widget elementor-widget-heading\" data-id=\"6c2e40a\" data-element_type=\"widget\" data-widget_type=\"heading.default\">\n\t\t\t\t<div class=\"elementor-widget-container\">\n\t\t\t<h2 class=\"elementor-heading-title elementor-size-default\">Steel stairs<\/h2>\t\t<\/div>\n\t\t\t\t<\/div>\n\t\t\t\t\t<\/div>\n\t\t<\/div>\n\t\t\t\t<div class=\"elementor-column elementor-col-33 elementor-inner-column elementor-element elementor-element-747f9d9\" data-id=\"747f9d9\" data-element_type=\"column\">\n\t\t\t<div class=\"elementor-widget-wrap elementor-element-populated\">\n\t\t\t\t\t\t<div class=\"elementor-element elementor-element-6181136 elementor-widget elementor-widget-image\" data-id=\"6181136\" data-element_type=\"widget\" data-widget_type=\"image.default\">\n\t\t\t\t<div class=\"elementor-widget-container\">\n\t\t\t\t\t\t\t\t\t\t\t\t\t<img loading=\"lazy\" decoding=\"async\" width=\"700\" height=\"388\" src=\"https:\/\/esjot.biz.pl\/wp-content\/uploads\/2023\/09\/schody_szklane2.jpg\" class=\"attachment-large size-large wp-image-4423\" alt=\"\" srcset=\"https:\/\/esjot.biz.pl\/wp-content\/uploads\/2023\/09\/schody_szklane2.jpg 700w, https:\/\/esjot.biz.pl\/wp-content\/uploads\/2023\/09\/schody_szklane2-300x166.jpg 300w\" sizes=\"(max-width: 700px) 100vw, 700px\" \/>\t\t\t\t\t\t\t\t\t\t\t\t\t<\/div>\n\t\t\t\t<\/div>\n\t\t\t\t<div class=\"elementor-element elementor-element-9a91d61 elementor-widget elementor-widget-heading\" data-id=\"9a91d61\" data-element_type=\"widget\" data-widget_type=\"heading.default\">\n\t\t\t\t<div class=\"elementor-widget-container\">\n\t\t\t<h2 class=\"elementor-heading-title elementor-size-default\">Glass stairs<\/h2>\t\t<\/div>\n\t\t\t\t<\/div>\n\t\t\t\t\t<\/div>\n\t\t<\/div>\n\t\t\t\t<div class=\"elementor-column elementor-col-33 elementor-inner-column elementor-element elementor-element-70efc36\" data-id=\"70efc36\" data-element_type=\"column\">\n\t\t\t<div class=\"elementor-widget-wrap elementor-element-populated\">\n\t\t\t\t\t\t<div class=\"elementor-element elementor-element-313c865 elementor-widget elementor-widget-image\" data-id=\"313c865\" data-element_type=\"widget\" data-widget_type=\"image.default\">\n\t\t\t\t<div class=\"elementor-widget-container\">\n\t\t\t\t\t\t\t\t\t\t\t\t\t<img loading=\"lazy\" decoding=\"async\" width=\"1000\" height=\"555\" src=\"https:\/\/esjot.biz.pl\/wp-content\/uploads\/2023\/06\/schody_betonowe.jpg\" class=\"attachment-large size-large wp-image-2661\" alt=\"\" srcset=\"https:\/\/esjot.biz.pl\/wp-content\/uploads\/2023\/06\/schody_betonowe.jpg 1000w, https:\/\/esjot.biz.pl\/wp-content\/uploads\/2023\/06\/schody_betonowe-300x167.jpg 300w, https:\/\/esjot.biz.pl\/wp-content\/uploads\/2023\/06\/schody_betonowe-768x426.jpg 768w\" sizes=\"(max-width: 1000px) 100vw, 1000px\" \/>\t\t\t\t\t\t\t\t\t\t\t\t\t<\/div>\n\t\t\t\t<\/div>\n\t\t\t\t<div class=\"elementor-element elementor-element-f1a28a1 elementor-widget elementor-widget-heading\" data-id=\"f1a28a1\" data-element_type=\"widget\" data-widget_type=\"heading.default\">\n\t\t\t\t<div class=\"elementor-widget-container\">\n\t\t\t<h2 class=\"elementor-heading-title elementor-size-default\">Concrete stairs<\/h2>\t\t<\/div>\n\t\t\t\t<\/div>\n\t\t\t\t\t<\/div>\n\t\t<\/div>\n\t\t\t\t\t<\/div>\n\t\t<\/section>\n\t\t\t\t<section class=\"elementor-section elementor-inner-section elementor-element elementor-element-5fcfcd7 elementor-section-boxed elementor-section-height-default elementor-section-height-default\" data-id=\"5fcfcd7\" data-element_type=\"section\">\n\t\t\t\t\t\t<div class=\"elementor-container elementor-column-gap-default\">\n\t\t\t\t\t<div class=\"elementor-column elementor-col-33 elementor-inner-column elementor-element elementor-element-8b076f6\" data-id=\"8b076f6\" data-element_type=\"column\">\n\t\t\t<div class=\"elementor-widget-wrap elementor-element-populated\">\n\t\t\t\t\t\t<div class=\"elementor-element elementor-element-938b290 elementor-widget elementor-widget-image\" data-id=\"938b290\" data-element_type=\"widget\" data-widget_type=\"image.default\">\n\t\t\t\t<div class=\"elementor-widget-container\">\n\t\t\t\t\t\t\t\t\t\t\t\t\t<img loading=\"lazy\" decoding=\"async\" width=\"1000\" height=\"555\" src=\"https:\/\/esjot.biz.pl\/wp-content\/uploads\/2023\/06\/schody_spiralne.jpg\" class=\"attachment-large size-large wp-image-2663\" alt=\"\" srcset=\"https:\/\/esjot.biz.pl\/wp-content\/uploads\/2023\/06\/schody_spiralne.jpg 1000w, https:\/\/esjot.biz.pl\/wp-content\/uploads\/2023\/06\/schody_spiralne-300x167.jpg 300w, https:\/\/esjot.biz.pl\/wp-content\/uploads\/2023\/06\/schody_spiralne-768x426.jpg 768w\" sizes=\"(max-width: 1000px) 100vw, 1000px\" \/>\t\t\t\t\t\t\t\t\t\t\t\t\t<\/div>\n\t\t\t\t<\/div>\n\t\t\t\t<div class=\"elementor-element elementor-element-a411ff2 elementor-widget elementor-widget-heading\" data-id=\"a411ff2\" data-element_type=\"widget\" data-widget_type=\"heading.default\">\n\t\t\t\t<div class=\"elementor-widget-container\">\n\t\t\t<h2 class=\"elementor-heading-title elementor-size-default\">Spiral stairs<\/h2>\t\t<\/div>\n\t\t\t\t<\/div>\n\t\t\t\t\t<\/div>\n\t\t<\/div>\n\t\t\t\t<div class=\"elementor-column elementor-col-33 elementor-inner-column elementor-element elementor-element-843b7c4\" data-id=\"843b7c4\" data-element_type=\"column\">\n\t\t\t<div class=\"elementor-widget-wrap elementor-element-populated\">\n\t\t\t\t\t\t<div class=\"elementor-element elementor-element-97c6d98 elementor-widget elementor-widget-image\" data-id=\"97c6d98\" data-element_type=\"widget\" data-widget_type=\"image.default\">\n\t\t\t\t<div class=\"elementor-widget-container\">\n\t\t\t\t\t\t\t\t\t\t\t\t\t<img loading=\"lazy\" decoding=\"async\" width=\"1024\" height=\"568\" src=\"https:\/\/esjot.biz.pl\/wp-content\/uploads\/2023\/06\/schody_podwieszane-1024x568.jpg\" class=\"attachment-large size-large wp-image-2662\" alt=\"\" srcset=\"https:\/\/esjot.biz.pl\/wp-content\/uploads\/2023\/06\/schody_podwieszane-1024x568.jpg 1024w, https:\/\/esjot.biz.pl\/wp-content\/uploads\/2023\/06\/schody_podwieszane-300x166.jpg 300w, https:\/\/esjot.biz.pl\/wp-content\/uploads\/2023\/06\/schody_podwieszane-768x426.jpg 768w, https:\/\/esjot.biz.pl\/wp-content\/uploads\/2023\/06\/schody_podwieszane.jpg 1536w\" sizes=\"(max-width: 1024px) 100vw, 1024px\" \/>\t\t\t\t\t\t\t\t\t\t\t\t\t<\/div>\n\t\t\t\t<\/div>\n\t\t\t\t<div class=\"elementor-element elementor-element-f5dcba5 elementor-widget elementor-widget-heading\" data-id=\"f5dcba5\" data-element_type=\"widget\" data-widget_type=\"heading.default\">\n\t\t\t\t<div class=\"elementor-widget-container\">\n\t\t\t<h2 class=\"elementor-heading-title elementor-size-default\">Suspension stairs<\/h2>\t\t<\/div>\n\t\t\t\t<\/div>\n\t\t\t\t\t<\/div>\n\t\t<\/div>\n\t\t\t\t<div class=\"elementor-column elementor-col-33 elementor-inner-column elementor-element elementor-element-25014e1\" data-id=\"25014e1\" data-element_type=\"column\">\n\t\t\t<div class=\"elementor-widget-wrap elementor-element-populated\">\n\t\t\t\t\t\t<div class=\"elementor-element elementor-element-ce24c25 elementor-widget elementor-widget-image\" data-id=\"ce24c25\" data-element_type=\"widget\" data-widget_type=\"image.default\">\n\t\t\t\t<div class=\"elementor-widget-container\">\n\t\t\t\t\t\t\t\t\t\t\t\t\t<img decoding=\"async\" width=\"1000\" height=\"555\" src=\"https:\/\/esjot.biz.pl\/wp-content\/uploads\/2023\/06\/schody_stalowee.jpg\" class=\"attachment-large size-large wp-image-2664\" alt=\"\" srcset=\"https:\/\/esjot.biz.pl\/wp-content\/uploads\/2023\/06\/schody_stalowee.jpg 1000w, https:\/\/esjot.biz.pl\/wp-content\/uploads\/2023\/06\/schody_stalowee-300x167.jpg 300w, https:\/\/esjot.biz.pl\/wp-content\/uploads\/2023\/06\/schody_stalowee-768x426.jpg 768w\" sizes=\"(max-width: 1000px) 100vw, 1000px\" \/>\t\t\t\t\t\t\t\t\t\t\t\t\t<\/div>\n\t\t\t\t<\/div>\n\t\t\t\t<div class=\"elementor-element elementor-element-6b94f6e elementor-widget elementor-widget-heading\" data-id=\"6b94f6e\" data-element_type=\"widget\" data-widget_type=\"heading.default\">\n\t\t\t\t<div class=\"elementor-widget-container\">\n\t\t\t<h2 class=\"elementor-heading-title elementor-size-default\">Self-supporting stairs<\/h2>\t\t<\/div>\n\t\t\t\t<\/div>\n\t\t\t\t\t<\/div>\n\t\t<\/div>\n\t\t\t\t\t<\/div>\n\t\t<\/section>\n\t\t\t\t<section class=\"elementor-section elementor-inner-section elementor-element elementor-element-31c58b4 elementor-section-boxed elementor-section-height-default elementor-section-height-default\" data-id=\"31c58b4\" data-element_type=\"section\">\n\t\t\t\t\t\t<div class=\"elementor-container elementor-column-gap-default\">\n\t\t\t\t\t<div class=\"elementor-column elementor-col-33 elementor-inner-column elementor-element elementor-element-fcd34af\" data-id=\"fcd34af\" data-element_type=\"column\">\n\t\t\t<div class=\"elementor-widget-wrap elementor-element-populated\">\n\t\t\t\t\t\t<div class=\"elementor-element elementor-element-328cc9b elementor-widget elementor-widget-image\" data-id=\"328cc9b\" data-element_type=\"widget\" data-widget_type=\"image.default\">\n\t\t\t\t<div class=\"elementor-widget-container\">\n\t\t\t\t\t\t\t\t\t\t\t\t\t<img loading=\"lazy\" decoding=\"async\" width=\"1000\" height=\"555\" src=\"https:\/\/esjot.biz.pl\/wp-content\/uploads\/2023\/06\/schody_ewakuac.jpg\" class=\"attachment-large size-large wp-image-2679\" alt=\"\" srcset=\"https:\/\/esjot.biz.pl\/wp-content\/uploads\/2023\/06\/schody_ewakuac.jpg 1000w, https:\/\/esjot.biz.pl\/wp-content\/uploads\/2023\/06\/schody_ewakuac-300x167.jpg 300w, https:\/\/esjot.biz.pl\/wp-content\/uploads\/2023\/06\/schody_ewakuac-768x426.jpg 768w\" sizes=\"(max-width: 1000px) 100vw, 1000px\" \/>\t\t\t\t\t\t\t\t\t\t\t\t\t<\/div>\n\t\t\t\t<\/div>\n\t\t\t\t<div class=\"elementor-element elementor-element-b7ad059 elementor-widget elementor-widget-heading\" data-id=\"b7ad059\" data-element_type=\"widget\" data-widget_type=\"heading.default\">\n\t\t\t\t<div class=\"elementor-widget-container\">\n\t\t\t<h2 class=\"elementor-heading-title elementor-size-default\">Emergency stairs<\/h2>\t\t<\/div>\n\t\t\t\t<\/div>\n\t\t\t\t\t<\/div>\n\t\t<\/div>\n\t\t\t\t<div class=\"elementor-column elementor-col-33 elementor-inner-column elementor-element elementor-element-5309a07\" data-id=\"5309a07\" data-element_type=\"column\">\n\t\t\t<div class=\"elementor-widget-wrap elementor-element-populated\">\n\t\t\t\t\t\t<div class=\"elementor-element elementor-element-0e7b4c4 elementor-widget elementor-widget-image\" data-id=\"0e7b4c4\" data-element_type=\"widget\" data-widget_type=\"image.default\">\n\t\t\t\t<div class=\"elementor-widget-container\">\n\t\t\t\t\t\t\t\t\t\t\t\t\t<img decoding=\"async\" width=\"1000\" height=\"555\" src=\"https:\/\/esjot.biz.pl\/wp-content\/uploads\/2023\/06\/schody_stalowee.jpg\" class=\"attachment-large size-large wp-image-2664\" alt=\"\" srcset=\"https:\/\/esjot.biz.pl\/wp-content\/uploads\/2023\/06\/schody_stalowee.jpg 1000w, https:\/\/esjot.biz.pl\/wp-content\/uploads\/2023\/06\/schody_stalowee-300x167.jpg 300w, https:\/\/esjot.biz.pl\/wp-content\/uploads\/2023\/06\/schody_stalowee-768x426.jpg 768w\" sizes=\"(max-width: 1000px) 100vw, 1000px\" \/>\t\t\t\t\t\t\t\t\t\t\t\t\t<\/div>\n\t\t\t\t<\/div>\n\t\t\t\t<div class=\"elementor-element elementor-element-b6b0092 elementor-widget elementor-widget-heading\" data-id=\"b6b0092\" data-element_type=\"widget\" data-widget_type=\"heading.default\">\n\t\t\t\t<div class=\"elementor-widget-container\">\n\t\t\t<h2 class=\"elementor-heading-title elementor-size-default\">Technical stairs<\/h2>\t\t<\/div>\n\t\t\t\t<\/div>\n\t\t\t\t\t<\/div>\n\t\t<\/div>\n\t\t\t\t<div class=\"elementor-column elementor-col-33 elementor-inner-column elementor-element elementor-element-c8faa85\" data-id=\"c8faa85\" data-element_type=\"column\">\n\t\t\t<div class=\"elementor-widget-wrap\">\n\t\t\t\t\t\t\t<\/div>\n\t\t<\/div>\n\t\t\t\t\t<\/div>\n\t\t<\/section>\n\t\t\t\t\t<\/div>\n\t\t<\/div>\n\t\t\t\t\t<\/div>\n\t\t<\/section>\n\t\t\t\t<\/div>","protected":false},"excerpt":{"rendered":"<p>OFERTA SCHODY Nasze schody nie s\u0142u\u017c\u0105 jedynie do pokonywania dystansu pomi\u0119dzy kondygnacjami. Poza swoj\u0105 oczywist\u0105 funkcj\u0105, niezwykle cz\u0119sto s\u0105 elementem o du\u017cym potencjale estetycznym, kreuj\u0105c nowy wymiar architektonicznej przestrzeni. Niezwykle trwa\u0142e schody stalowe znajduj\u0105ce si\u0119 w naszej ofercie, w r\u00f3\u017cnych standardach wyko\u0144czenia: kamieniem naturalnym, betonem, szk\u0142em, drewnem czy wyk\u0142adzin\u0105, pozostawiaj\u0105 niemal nieograniczone mo\u017cliwo\u015bci aran\u017cacyjne. Lubimy [&hellip;]<\/p>","protected":false},"author":1,"featured_media":0,"parent":1036,"menu_order":0,"comment_status":"closed","ping_status":"closed","template":"full-width.php","meta":{"_acf_changed":false,"inline_featured_image":false,"footnotes":""},"class_list":["post-2641","page","type-page","status-publish","hentry"],"acf":[],"_links":{"self":[{"href":"https:\/\/esjot.biz.pl\/en\/wp-json\/wp\/v2\/pages\/2641","targetHints":{"allow":["GET"]}}],"collection":[{"href":"https:\/\/esjot.biz.pl\/en\/wp-json\/wp\/v2\/pages"}],"about":[{"href":"https:\/\/esjot.biz.pl\/en\/wp-json\/wp\/v2\/types\/page"}],"author":[{"embeddable":true,"href":"https:\/\/esjot.biz.pl\/en\/wp-json\/wp\/v2\/users\/1"}],"replies":[{"embeddable":true,"href":"https:\/\/esjot.biz.pl\/en\/wp-json\/wp\/v2\/comments?post=2641"}],"version-history":[{"count":70,"href":"https:\/\/esjot.biz.pl\/en\/wp-json\/wp\/v2\/pages\/2641\/revisions"}],"predecessor-version":[{"id":5356,"href":"https:\/\/esjot.biz.pl\/en\/wp-json\/wp\/v2\/pages\/2641\/revisions\/5356"}],"up":[{"embeddable":true,"href":"https:\/\/esjot.biz.pl\/en\/wp-json\/wp\/v2\/pages\/1036"}],"wp:attachment":[{"href":"https:\/\/esjot.biz.pl\/en\/wp-json\/wp\/v2\/media?parent=2641"}],"curies":[{"name":"wp","href":"https:\/\/api.w.org\/{rel}","templated":true}]}}