{"id":2696,"date":"2023-06-12T11:50:36","date_gmt":"2023-06-12T09:50:36","guid":{"rendered":"http:\/\/test.esjot.biz.pl\/?page_id=2696"},"modified":"2023-10-26T18:17:10","modified_gmt":"2023-10-26T16:17:10","slug":"fasady","status":"publish","type":"page","link":"https:\/\/esjot.biz.pl\/en\/oferta\/fasady\/","title":{"rendered":"Facades"},"content":{"rendered":"<div data-elementor-type=\"wp-post\" data-elementor-id=\"2696\" class=\"elementor elementor-2696\">\n\t\t\t\t\t\t<section class=\"elementor-section elementor-top-section elementor-element elementor-element-4ac3974 elementor-section-content-middle elementor-section-boxed elementor-section-height-default elementor-section-height-default\" data-id=\"4ac3974\" data-element_type=\"section\" data-settings=\"{&quot;background_background&quot;:&quot;classic&quot;}\">\n\t\t\t\t\t\t<div class=\"elementor-container elementor-column-gap-no\">\n\t\t\t\t\t<div class=\"elementor-column elementor-col-100 elementor-top-column elementor-element elementor-element-2514fbe\" data-id=\"2514fbe\" data-element_type=\"column\" data-settings=\"{&quot;background_background&quot;:&quot;classic&quot;}\">\n\t\t\t<div class=\"elementor-widget-wrap elementor-element-populated\">\n\t\t\t\t\t\t<div class=\"elementor-element elementor-element-41b25d8 elementor-invisible elementor-widget elementor-widget-heading\" data-id=\"41b25d8\" data-element_type=\"widget\" data-settings=\"{&quot;_animation&quot;:&quot;fadeInUp&quot;}\" data-widget_type=\"heading.default\">\n\t\t\t\t<div class=\"elementor-widget-container\">\n\t\t\t<style>\/*! elementor - v3.21.0 - 26-05-2024 *\/\n.elementor-heading-title{padding:0;margin:0;line-height:1}.elementor-widget-heading .elementor-heading-title[class*=elementor-size-]>a{color:inherit;font-size:inherit;line-height:inherit}.elementor-widget-heading .elementor-heading-title.elementor-size-small{font-size:15px}.elementor-widget-heading .elementor-heading-title.elementor-size-medium{font-size:19px}.elementor-widget-heading .elementor-heading-title.elementor-size-large{font-size:29px}.elementor-widget-heading .elementor-heading-title.elementor-size-xl{font-size:39px}.elementor-widget-heading .elementor-heading-title.elementor-size-xxl{font-size:59px}<\/style><h1 class=\"elementor-heading-title elementor-size-default\">SERVICES<\/h1>\t\t<\/div>\n\t\t\t\t<\/div>\n\t\t\t\t<div class=\"elementor-element elementor-element-426b5e7 elementor-invisible elementor-widget elementor-widget-heading\" data-id=\"426b5e7\" data-element_type=\"widget\" data-settings=\"{&quot;_animation&quot;:&quot;fadeInUp&quot;}\" data-widget_type=\"heading.default\">\n\t\t\t\t<div class=\"elementor-widget-container\">\n\t\t\t<h1 class=\"elementor-heading-title elementor-size-default\">FACADES<\/h1>\t\t<\/div>\n\t\t\t\t<\/div>\n\t\t\t\t\t<\/div>\n\t\t<\/div>\n\t\t\t\t\t<\/div>\n\t\t<\/section>\n\t\t\t\t<section class=\"elementor-section elementor-top-section elementor-element elementor-element-a8b4494 elementor-hidden-mobile elementor-section-boxed elementor-section-height-default elementor-section-height-default\" data-id=\"a8b4494\" data-element_type=\"section\">\n\t\t\t\t\t\t<div class=\"elementor-container elementor-column-gap-default\">\n\t\t\t\t\t<div class=\"elementor-column elementor-col-50 elementor-top-column elementor-element elementor-element-f4f6b08\" data-id=\"f4f6b08\" data-element_type=\"column\">\n\t\t\t<div class=\"elementor-widget-wrap elementor-element-populated\">\n\t\t\t\t\t\t<div class=\"elementor-element elementor-element-51ec05e elementor-widget elementor-widget-image\" data-id=\"51ec05e\" data-element_type=\"widget\" data-widget_type=\"image.default\">\n\t\t\t\t<div class=\"elementor-widget-container\">\n\t\t\t<style>\/*! elementor - v3.21.0 - 26-05-2024 *\/\n.elementor-widget-image{text-align:center}.elementor-widget-image a{display:inline-block}.elementor-widget-image a img[src$=\".svg\"]{width:48px}.elementor-widget-image img{vertical-align:middle;display:inline-block}<\/style>\t\t\t\t\t\t\t\t\t\t<img fetchpriority=\"high\" decoding=\"async\" width=\"1024\" height=\"1024\" src=\"https:\/\/esjot.biz.pl\/wp-content\/uploads\/2022\/12\/ESjOT_home_wciecie_pion.svg\" class=\"attachment-large size-large wp-image-1181\" alt=\"\" \/>\t\t\t\t\t\t\t\t\t\t\t\t\t<\/div>\n\t\t\t\t<\/div>\n\t\t\t\t\t<\/div>\n\t\t<\/div>\n\t\t\t\t<div class=\"elementor-column elementor-col-50 elementor-top-column elementor-element elementor-element-fc90b4f\" data-id=\"fc90b4f\" data-element_type=\"column\">\n\t\t\t<div class=\"elementor-widget-wrap\">\n\t\t\t\t\t\t\t<\/div>\n\t\t<\/div>\n\t\t\t\t\t<\/div>\n\t\t<\/section>\n\t\t\t\t<section class=\"elementor-section elementor-inner-section elementor-element elementor-element-2a7c081d elementor-section-boxed elementor-section-height-default elementor-section-height-default\" data-id=\"2a7c081d\" data-element_type=\"section\" data-settings=\"{&quot;background_background&quot;:&quot;classic&quot;}\">\n\t\t\t\t\t\t<div class=\"elementor-container elementor-column-gap-no\">\n\t\t\t\t\t<div class=\"elementor-column elementor-col-50 elementor-inner-column elementor-element elementor-element-d5f73db\" data-id=\"d5f73db\" data-element_type=\"column\" data-settings=\"{&quot;background_background&quot;:&quot;classic&quot;}\">\n\t\t\t<div class=\"elementor-widget-wrap elementor-element-populated\">\n\t\t\t\t\t\t<div class=\"elementor-element elementor-element-7f0b29b elementor-widget elementor-widget-image\" data-id=\"7f0b29b\" data-element_type=\"widget\" data-widget_type=\"image.default\">\n\t\t\t\t<div class=\"elementor-widget-container\">\n\t\t\t\t\t\t\t\t\t\t\t\t\t<img decoding=\"async\" width=\"1024\" height=\"1024\" src=\"https:\/\/esjot.biz.pl\/wp-content\/uploads\/2023\/06\/ESjOT_home_icon_fasady_white.svg\" class=\"attachment-large size-large wp-image-2700\" alt=\"\" \/>\t\t\t\t\t\t\t\t\t\t\t\t\t<\/div>\n\t\t\t\t<\/div>\n\t\t\t\t\t<\/div>\n\t\t<\/div>\n\t\t\t\t<div class=\"elementor-column elementor-col-50 elementor-inner-column elementor-element elementor-element-22cae708\" data-id=\"22cae708\" data-element_type=\"column\" data-settings=\"{&quot;background_background&quot;:&quot;classic&quot;}\">\n\t\t\t<div class=\"elementor-widget-wrap elementor-element-populated\">\n\t\t\t\t\t\t<div class=\"elementor-element elementor-element-1ca0813 elementor-widget elementor-widget-text-editor\" data-id=\"1ca0813\" data-element_type=\"widget\" data-widget_type=\"text-editor.default\">\n\t\t\t\t<div class=\"elementor-widget-container\">\n\t\t\t<style>\/*! elementor - v3.21.0 - 26-05-2024 *\/\n.elementor-widget-text-editor.elementor-drop-cap-view-stacked .elementor-drop-cap{background-color:#69727d;color:#fff}.elementor-widget-text-editor.elementor-drop-cap-view-framed .elementor-drop-cap{color:#69727d;border:3px solid;background-color:transparent}.elementor-widget-text-editor:not(.elementor-drop-cap-view-default) .elementor-drop-cap{margin-top:8px}.elementor-widget-text-editor:not(.elementor-drop-cap-view-default) .elementor-drop-cap-letter{width:1em;height:1em}.elementor-widget-text-editor .elementor-drop-cap{float:left;text-align:center;line-height:1;font-size:50px}.elementor-widget-text-editor .elementor-drop-cap-letter{display:inline-block}<\/style>\t\t\t\t<p>We manufacture and install facades in stainless steel, aluminum and powder-coated black steel. Our areas of expertise are non-standard steel facades (powder-coated steel, stainless steel) and aluminum facades.<span class=\"Apple-converted-space\">\u00a0<\/span>External facades are made of solid or perforated sheet metal, polished or mirror-polished. We also use solutions with different types of mesh: expanded metal, woven, and welded. Comprehensive service and openness to non-standard solutions are our advantages, and we especially enjoy working on non-standard projects.<\/p>\t\t\t\t\t\t<\/div>\n\t\t\t\t<\/div>\n\t\t\t\t\t<\/div>\n\t\t<\/div>\n\t\t\t\t\t<\/div>\n\t\t<\/section>\n\t\t\t\t<section class=\"elementor-section elementor-top-section elementor-element elementor-element-3b504fe elementor-section-boxed elementor-section-height-default elementor-section-height-default\" data-id=\"3b504fe\" data-element_type=\"section\">\n\t\t\t\t\t\t<div class=\"elementor-container elementor-column-gap-default\">\n\t\t\t\t\t<div class=\"elementor-column elementor-col-100 elementor-top-column elementor-element elementor-element-c7bef44\" data-id=\"c7bef44\" data-element_type=\"column\">\n\t\t\t<div class=\"elementor-widget-wrap elementor-element-populated\">\n\t\t\t\t\t\t<div class=\"elementor-element elementor-element-9f35224 elementor-widget elementor-widget-heading\" data-id=\"9f35224\" data-element_type=\"widget\" data-widget_type=\"heading.default\">\n\t\t\t\t<div class=\"elementor-widget-container\">\n\t\t\t<h2 class=\"elementor-heading-title elementor-size-default\">FACADES<\/h2>\t\t<\/div>\n\t\t\t\t<\/div>\n\t\t\t\t<div class=\"elementor-element elementor-element-8179196 elementor-widget elementor-widget-heading\" data-id=\"8179196\" data-element_type=\"widget\" data-widget_type=\"heading.default\">\n\t\t\t\t<div class=\"elementor-widget-container\">\n\t\t\t<h2 class=\"elementor-heading-title elementor-size-default\">ADVANTAGE OF OUR PRODUCTS<\/h2>\t\t<\/div>\n\t\t\t\t<\/div>\n\t\t\t\t\t<\/div>\n\t\t<\/div>\n\t\t\t\t\t<\/div>\n\t\t<\/section>\n\t\t\t\t<section class=\"elementor-section elementor-top-section elementor-element elementor-element-e5a839d elementor-section-boxed elementor-section-height-default elementor-section-height-default\" data-id=\"e5a839d\" data-element_type=\"section\">\n\t\t\t\t\t\t<div class=\"elementor-container elementor-column-gap-default\">\n\t\t\t\t\t<div class=\"elementor-column elementor-col-50 elementor-top-column elementor-element elementor-element-cf1eaa4\" data-id=\"cf1eaa4\" data-element_type=\"column\">\n\t\t\t<div class=\"elementor-widget-wrap elementor-element-populated\">\n\t\t\t\t\t\t<div class=\"elementor-element elementor-element-9d5d467 elementor-widget elementor-widget-image\" data-id=\"9d5d467\" data-element_type=\"widget\" data-widget_type=\"image.default\">\n\t\t\t\t<div class=\"elementor-widget-container\">\n\t\t\t\t\t\t\t\t\t\t\t\t\t<img decoding=\"async\" width=\"1024\" height=\"1024\" src=\"https:\/\/esjot.biz.pl\/wp-content\/uploads\/2023\/07\/ESjOT_fasady_warstwy.svg\" class=\"attachment-large size-large wp-image-3834\" alt=\"\" \/>\t\t\t\t\t\t\t\t\t\t\t\t\t<\/div>\n\t\t\t\t<\/div>\n\t\t\t\t\t<\/div>\n\t\t<\/div>\n\t\t\t\t<div class=\"elementor-column elementor-col-50 elementor-top-column elementor-element elementor-element-86780a5\" data-id=\"86780a5\" data-element_type=\"column\">\n\t\t\t<div class=\"elementor-widget-wrap elementor-element-populated\">\n\t\t\t\t\t\t<div class=\"elementor-element elementor-element-47abd64 elementor-widget elementor-widget-text-editor\" data-id=\"47abd64\" data-element_type=\"widget\" data-widget_type=\"text-editor.default\">\n\t\t\t\t<div class=\"elementor-widget-container\">\n\t\t\t\t\t\t\t<p>All facade coverings are 'second-skin' facades, which are permeable and consist of two layers: an inner and an outer layer. The inner layer has an insulating and load-bearing function, while the outer layer has an aesthetic and an economic (energy-saving) function, preventing the rooms from heating up, thus reducing the use of air conditioning.<\/p>\t\t\t\t\t\t<\/div>\n\t\t\t\t<\/div>\n\t\t\t\t\t<\/div>\n\t\t<\/div>\n\t\t\t\t\t<\/div>\n\t\t<\/section>\n\t\t\t\t<section class=\"elementor-section elementor-top-section elementor-element elementor-element-baae842 elementor-section-boxed elementor-section-height-default elementor-section-height-default\" data-id=\"baae842\" data-element_type=\"section\">\n\t\t\t\t\t\t<div class=\"elementor-container elementor-column-gap-default\">\n\t\t\t\t\t<div class=\"elementor-column elementor-col-50 elementor-top-column elementor-element elementor-element-48dd166\" data-id=\"48dd166\" data-element_type=\"column\">\n\t\t\t<div class=\"elementor-widget-wrap elementor-element-populated\">\n\t\t\t\t\t\t<div class=\"elementor-element elementor-element-5d9fb81 elementor-widget elementor-widget-image\" data-id=\"5d9fb81\" data-element_type=\"widget\" data-widget_type=\"image.default\">\n\t\t\t\t<div class=\"elementor-widget-container\">\n\t\t\t\t\t\t\t\t\t\t\t\t\t<img loading=\"lazy\" decoding=\"async\" width=\"1024\" height=\"1024\" src=\"https:\/\/esjot.biz.pl\/wp-content\/uploads\/2023\/07\/ESjOT_fasady_podkonstrukcja.svg\" class=\"attachment-large size-large wp-image-3842\" alt=\"\" \/>\t\t\t\t\t\t\t\t\t\t\t\t\t<\/div>\n\t\t\t\t<\/div>\n\t\t\t\t\t<\/div>\n\t\t<\/div>\n\t\t\t\t<div class=\"elementor-column elementor-col-50 elementor-top-column elementor-element elementor-element-c68e681\" data-id=\"c68e681\" data-element_type=\"column\">\n\t\t\t<div class=\"elementor-widget-wrap elementor-element-populated\">\n\t\t\t\t\t\t<div class=\"elementor-element elementor-element-39afb53 elementor-widget elementor-widget-text-editor\" data-id=\"39afb53\" data-element_type=\"widget\" data-widget_type=\"text-editor.default\">\n\t\t\t\t<div class=\"elementor-widget-container\">\n\t\t\t\t\t\t\t<p>We mount facades on steel or aluminium substructures, as well as directly to the substructure which is an integral part of the glass sealed facade.<\/p>\t\t\t\t\t\t<\/div>\n\t\t\t\t<\/div>\n\t\t\t\t\t<\/div>\n\t\t<\/div>\n\t\t\t\t\t<\/div>\n\t\t<\/section>\n\t\t\t\t<section class=\"elementor-section elementor-top-section elementor-element elementor-element-6e15842 elementor-section-boxed elementor-section-height-default elementor-section-height-default\" data-id=\"6e15842\" data-element_type=\"section\">\n\t\t\t\t\t\t<div class=\"elementor-container elementor-column-gap-default\">\n\t\t\t\t\t<div class=\"elementor-column elementor-col-50 elementor-top-column elementor-element elementor-element-f047aa0\" data-id=\"f047aa0\" data-element_type=\"column\">\n\t\t\t<div class=\"elementor-widget-wrap elementor-element-populated\">\n\t\t\t\t\t\t<div class=\"elementor-element elementor-element-6ae7c8d elementor-widget elementor-widget-image\" data-id=\"6ae7c8d\" data-element_type=\"widget\" data-widget_type=\"image.default\">\n\t\t\t\t<div class=\"elementor-widget-container\">\n\t\t\t\t\t\t\t\t\t\t\t\t\t<img loading=\"lazy\" decoding=\"async\" width=\"1024\" height=\"1024\" src=\"https:\/\/esjot.biz.pl\/wp-content\/uploads\/2023\/07\/ESjOT_fasady_CAD.svg\" class=\"attachment-large size-large wp-image-3859\" alt=\"\" \/>\t\t\t\t\t\t\t\t\t\t\t\t\t<\/div>\n\t\t\t\t<\/div>\n\t\t\t\t\t<\/div>\n\t\t<\/div>\n\t\t\t\t<div class=\"elementor-column elementor-col-50 elementor-top-column elementor-element elementor-element-624876c\" data-id=\"624876c\" data-element_type=\"column\">\n\t\t\t<div class=\"elementor-widget-wrap elementor-element-populated\">\n\t\t\t\t\t\t<div class=\"elementor-element elementor-element-4f80e70 elementor-widget elementor-widget-text-editor\" data-id=\"4f80e70\" data-element_type=\"widget\" data-widget_type=\"text-editor.default\">\n\t\t\t\t<div class=\"elementor-widget-container\">\n\t\t\t\t\t\t\t<p>We produce full documentation, including calculations and shop drawings.<span class=\"Apple-converted-space\">\u00a0 <\/span>Our team of experienced designers, working in Inventor, Auto CAD or Solid Works, allows us to provide a comprehensive service from production to transport and assembly. The high quality of facade elements is guaranteed by the company's certification in accordance with the 1090-2 standard by TUV Rheinland.<\/p>\t\t\t\t\t\t<\/div>\n\t\t\t\t<\/div>\n\t\t\t\t\t<\/div>\n\t\t<\/div>\n\t\t\t\t\t<\/div>\n\t\t<\/section>\n\t\t\t\t<section class=\"elementor-section elementor-top-section elementor-element elementor-element-b56b1b8 elementor-section-boxed elementor-section-height-default elementor-section-height-default\" data-id=\"b56b1b8\" data-element_type=\"section\">\n\t\t\t\t\t\t<div class=\"elementor-container elementor-column-gap-default\">\n\t\t\t\t\t<div class=\"elementor-column elementor-col-100 elementor-top-column elementor-element elementor-element-f79cec8\" data-id=\"f79cec8\" data-element_type=\"column\">\n\t\t\t<div class=\"elementor-widget-wrap elementor-element-populated\">\n\t\t\t\t\t\t<div class=\"elementor-element elementor-element-49ad418 gallery-spacing-custom elementor-widget elementor-widget-image-gallery\" data-id=\"49ad418\" data-element_type=\"widget\" data-widget_type=\"image-gallery.default\">\n\t\t\t\t<div class=\"elementor-widget-container\">\n\t\t\t<style>\/*! elementor - v3.21.0 - 26-05-2024 *\/\n.elementor-image-gallery .gallery-item{display:inline-block;text-align:center;vertical-align:top;width:100%;max-width:100%;margin:0 auto}.elementor-image-gallery .gallery-item img{margin:0 auto}.elementor-image-gallery .gallery-item .gallery-caption{margin:0}.elementor-image-gallery figure img{display:block}.elementor-image-gallery figure figcaption{width:100%}.gallery-spacing-custom .elementor-image-gallery .gallery-icon{padding:0}@media (min-width:768px){.elementor-image-gallery .gallery-columns-2 .gallery-item{max-width:50%}.elementor-image-gallery .gallery-columns-3 .gallery-item{max-width:33.33%}.elementor-image-gallery .gallery-columns-4 .gallery-item{max-width:25%}.elementor-image-gallery .gallery-columns-5 .gallery-item{max-width:20%}.elementor-image-gallery .gallery-columns-6 .gallery-item{max-width:16.666%}.elementor-image-gallery .gallery-columns-7 .gallery-item{max-width:14.28%}.elementor-image-gallery .gallery-columns-8 .gallery-item{max-width:12.5%}.elementor-image-gallery .gallery-columns-9 .gallery-item{max-width:11.11%}.elementor-image-gallery .gallery-columns-10 .gallery-item{max-width:10%}}@media (min-width:480px) and (max-width:767px){.elementor-image-gallery .gallery.gallery-columns-2 .gallery-item,.elementor-image-gallery .gallery.gallery-columns-3 .gallery-item,.elementor-image-gallery .gallery.gallery-columns-4 .gallery-item,.elementor-image-gallery .gallery.gallery-columns-5 .gallery-item,.elementor-image-gallery .gallery.gallery-columns-6 .gallery-item,.elementor-image-gallery .gallery.gallery-columns-7 .gallery-item,.elementor-image-gallery .gallery.gallery-columns-8 .gallery-item,.elementor-image-gallery .gallery.gallery-columns-9 .gallery-item,.elementor-image-gallery .gallery.gallery-columns-10 .gallery-item{max-width:50%}}@media (max-width:479px){.elementor-image-gallery .gallery.gallery-columns-2 .gallery-item,.elementor-image-gallery .gallery.gallery-columns-3 .gallery-item,.elementor-image-gallery .gallery.gallery-columns-4 .gallery-item,.elementor-image-gallery .gallery.gallery-columns-5 .gallery-item,.elementor-image-gallery .gallery.gallery-columns-6 .gallery-item,.elementor-image-gallery .gallery.gallery-columns-7 .gallery-item,.elementor-image-gallery .gallery.gallery-columns-8 .gallery-item,.elementor-image-gallery .gallery.gallery-columns-9 .gallery-item,.elementor-image-gallery .gallery.gallery-columns-10 .gallery-item{max-width:100%}}<\/style>\t\t<div class=\"elementor-image-gallery\">\n\t\t\t<div id='gallery-1' class='gallery galleryid-2696 gallery-columns-3 gallery-size-full'><figure class='gallery-item'>\n\t\t\t<div class='gallery-icon landscape'>\n\t\t\t\t<a data-elementor-open-lightbox=\"yes\" data-elementor-lightbox-slideshow=\"49ad418\" data-elementor-lightbox-title=\"20151203_111531\" data-e-action-hash=\"#elementor-action%3Aaction%3Dlightbox%26settings%3DeyJpZCI6MjcyMCwidXJsIjoiaHR0cHM6XC9cL2Vzam90LmJpei5wbFwvd3AtY29udGVudFwvdXBsb2Fkc1wvMjAyM1wvMDZcLzIwMTUxMjAzXzExMTUzMS5qcGciLCJzbGlkZXNob3ciOiI0OWFkNDE4In0%3D\" href='https:\/\/esjot.biz.pl\/wp-content\/uploads\/2023\/06\/20151203_111531.jpg'><img loading=\"lazy\" decoding=\"async\" width=\"1024\" height=\"576\" src=\"https:\/\/esjot.biz.pl\/wp-content\/uploads\/2023\/06\/20151203_111531.jpg\" class=\"attachment-full size-full\" alt=\"\" srcset=\"https:\/\/esjot.biz.pl\/wp-content\/uploads\/2023\/06\/20151203_111531.jpg 1024w, https:\/\/esjot.biz.pl\/wp-content\/uploads\/2023\/06\/20151203_111531-300x169.jpg 300w, https:\/\/esjot.biz.pl\/wp-content\/uploads\/2023\/06\/20151203_111531-768x432.jpg 768w\" sizes=\"(max-width: 1024px) 100vw, 1024px\" \/><\/a>\n\t\t\t<\/div><\/figure><figure class='gallery-item'>\n\t\t\t<div class='gallery-icon landscape'>\n\t\t\t\t<a data-elementor-open-lightbox=\"yes\" data-elementor-lightbox-slideshow=\"49ad418\" data-elementor-lightbox-title=\"20150923_214109\" data-e-action-hash=\"#elementor-action%3Aaction%3Dlightbox%26settings%3DeyJpZCI6MjcxOCwidXJsIjoiaHR0cHM6XC9cL2Vzam90LmJpei5wbFwvd3AtY29udGVudFwvdXBsb2Fkc1wvMjAyM1wvMDZcLzIwMTUwOTIzXzIxNDEwOS5qcGVnIiwic2xpZGVzaG93IjoiNDlhZDQxOCJ9\" href='https:\/\/esjot.biz.pl\/wp-content\/uploads\/2023\/06\/20150923_214109.jpeg'><img loading=\"lazy\" decoding=\"async\" width=\"1024\" height=\"576\" src=\"https:\/\/esjot.biz.pl\/wp-content\/uploads\/2023\/06\/20150923_214109.jpeg\" class=\"attachment-full size-full\" alt=\"\" srcset=\"https:\/\/esjot.biz.pl\/wp-content\/uploads\/2023\/06\/20150923_214109.jpeg 1024w, https:\/\/esjot.biz.pl\/wp-content\/uploads\/2023\/06\/20150923_214109-300x169.jpeg 300w, https:\/\/esjot.biz.pl\/wp-content\/uploads\/2023\/06\/20150923_214109-768x432.jpeg 768w\" sizes=\"(max-width: 1024px) 100vw, 1024px\" \/><\/a>\n\t\t\t<\/div><\/figure><figure class='gallery-item'>\n\t\t\t<div class='gallery-icon landscape'>\n\t\t\t\t<a data-elementor-open-lightbox=\"yes\" data-elementor-lightbox-slideshow=\"49ad418\" data-elementor-lightbox-title=\"20151203_111609\" data-e-action-hash=\"#elementor-action%3Aaction%3Dlightbox%26settings%3DeyJpZCI6MjcyMiwidXJsIjoiaHR0cHM6XC9cL2Vzam90LmJpei5wbFwvd3AtY29udGVudFwvdXBsb2Fkc1wvMjAyM1wvMDZcLzIwMTUxMjAzXzExMTYwOS5qcGciLCJzbGlkZXNob3ciOiI0OWFkNDE4In0%3D\" href='https:\/\/esjot.biz.pl\/wp-content\/uploads\/2023\/06\/20151203_111609.jpg'><img loading=\"lazy\" decoding=\"async\" width=\"1024\" height=\"576\" src=\"https:\/\/esjot.biz.pl\/wp-content\/uploads\/2023\/06\/20151203_111609.jpg\" class=\"attachment-full size-full\" alt=\"\" srcset=\"https:\/\/esjot.biz.pl\/wp-content\/uploads\/2023\/06\/20151203_111609.jpg 1024w, https:\/\/esjot.biz.pl\/wp-content\/uploads\/2023\/06\/20151203_111609-300x169.jpg 300w, https:\/\/esjot.biz.pl\/wp-content\/uploads\/2023\/06\/20151203_111609-768x432.jpg 768w\" sizes=\"(max-width: 1024px) 100vw, 1024px\" \/><\/a>\n\t\t\t<\/div><\/figure><figure class='gallery-item'>\n\t\t\t<div class='gallery-icon portrait'>\n\t\t\t\t<a data-elementor-open-lightbox=\"yes\" data-elementor-lightbox-slideshow=\"49ad418\" data-elementor-lightbox-title=\"20151203_111718\" data-e-action-hash=\"#elementor-action%3Aaction%3Dlightbox%26settings%3DeyJpZCI6MjcyMywidXJsIjoiaHR0cHM6XC9cL2Vzam90LmJpei5wbFwvd3AtY29udGVudFwvdXBsb2Fkc1wvMjAyM1wvMDZcLzIwMTUxMjAzXzExMTcxOC5qcGVnIiwic2xpZGVzaG93IjoiNDlhZDQxOCJ9\" href='https:\/\/esjot.biz.pl\/wp-content\/uploads\/2023\/06\/20151203_111718.jpeg'><img loading=\"lazy\" decoding=\"async\" width=\"432\" height=\"768\" src=\"https:\/\/esjot.biz.pl\/wp-content\/uploads\/2023\/06\/20151203_111718.jpeg\" class=\"attachment-full size-full\" alt=\"\" srcset=\"https:\/\/esjot.biz.pl\/wp-content\/uploads\/2023\/06\/20151203_111718.jpeg 432w, https:\/\/esjot.biz.pl\/wp-content\/uploads\/2023\/06\/20151203_111718-169x300.jpeg 169w\" sizes=\"(max-width: 432px) 100vw, 432px\" \/><\/a>\n\t\t\t<\/div><\/figure><figure class='gallery-item'>\n\t\t\t<div class='gallery-icon portrait'>\n\t\t\t\t<a data-elementor-open-lightbox=\"yes\" data-elementor-lightbox-slideshow=\"49ad418\" data-elementor-lightbox-title=\"20151103_060444\" data-e-action-hash=\"#elementor-action%3Aaction%3Dlightbox%26settings%3DeyJpZCI6MjcyNCwidXJsIjoiaHR0cHM6XC9cL2Vzam90LmJpei5wbFwvd3AtY29udGVudFwvdXBsb2Fkc1wvMjAyM1wvMDZcLzIwMTUxMTAzXzA2MDQ0NC5qcGVnIiwic2xpZGVzaG93IjoiNDlhZDQxOCJ9\" href='https:\/\/esjot.biz.pl\/wp-content\/uploads\/2023\/06\/20151103_060444.jpeg'><img loading=\"lazy\" decoding=\"async\" width=\"432\" height=\"768\" src=\"https:\/\/esjot.biz.pl\/wp-content\/uploads\/2023\/06\/20151103_060444.jpeg\" class=\"attachment-full size-full\" alt=\"\" srcset=\"https:\/\/esjot.biz.pl\/wp-content\/uploads\/2023\/06\/20151103_060444.jpeg 432w, https:\/\/esjot.biz.pl\/wp-content\/uploads\/2023\/06\/20151103_060444-169x300.jpeg 169w\" sizes=\"(max-width: 432px) 100vw, 432px\" \/><\/a>\n\t\t\t<\/div><\/figure><figure class='gallery-item'>\n\t\t\t<div class='gallery-icon portrait'>\n\t\t\t\t<a data-elementor-open-lightbox=\"yes\" data-elementor-lightbox-slideshow=\"49ad418\" data-elementor-lightbox-title=\"DSCN5338(2)\" data-e-action-hash=\"#elementor-action%3Aaction%3Dlightbox%26settings%3DeyJpZCI6MjcyNSwidXJsIjoiaHR0cHM6XC9cL2Vzam90LmJpei5wbFwvd3AtY29udGVudFwvdXBsb2Fkc1wvMjAyM1wvMDZcL0RTQ041MzM4Mi5qcGciLCJzbGlkZXNob3ciOiI0OWFkNDE4In0%3D\" href='https:\/\/esjot.biz.pl\/wp-content\/uploads\/2023\/06\/DSCN53382.jpg'><img loading=\"lazy\" decoding=\"async\" width=\"432\" height=\"768\" src=\"https:\/\/esjot.biz.pl\/wp-content\/uploads\/2023\/06\/DSCN53382.jpg\" class=\"attachment-full size-full\" alt=\"\" srcset=\"https:\/\/esjot.biz.pl\/wp-content\/uploads\/2023\/06\/DSCN53382.jpg 432w, https:\/\/esjot.biz.pl\/wp-content\/uploads\/2023\/06\/DSCN53382-169x300.jpg 169w\" sizes=\"(max-width: 432px) 100vw, 432px\" \/><\/a>\n\t\t\t<\/div><\/figure>\n\t\t<\/div>\n\t\t<\/div>\n\t\t\t\t<\/div>\n\t\t\t\t<\/div>\n\t\t\t\t\t<\/div>\n\t\t<\/div>\n\t\t\t\t\t<\/div>\n\t\t<\/section>\n\t\t\t\t<\/div>","protected":false},"excerpt":{"rendered":"<p>OFERTA FASADY Produkujemy i montujemy fasady ze stali nierdzewnej, aluminium oraz stali czarnej malowanej proszkowo. Nasz\u0105 specjalno\u015bci\u0105 s\u0105 nietypowe fasady stalowe (stal malowana proszkowo, stal nierdzewna) oraz aluminiowe.\u00a0Elewacje wykonujemy z blachy pe\u0142nej lub perforowanej, z blachy szlifowanej lub polerowanej na lustro. Stosujemy r\u00f3wnie\u017c rozwi\u0105zania z wykorzystaniem r\u00f3\u017cnego rodzaju siatek: ci\u0119to-ci\u0105gnionych, plecionych i zgrzewanych.\u00a0Kompleksowa obs\u0142uga oraz [&hellip;]<\/p>","protected":false},"author":1,"featured_media":0,"parent":1036,"menu_order":0,"comment_status":"closed","ping_status":"closed","template":"full-width.php","meta":{"_acf_changed":false,"inline_featured_image":false,"footnotes":""},"class_list":["post-2696","page","type-page","status-publish","hentry"],"acf":[],"_links":{"self":[{"href":"https:\/\/esjot.biz.pl\/en\/wp-json\/wp\/v2\/pages\/2696","targetHints":{"allow":["GET"]}}],"collection":[{"href":"https:\/\/esjot.biz.pl\/en\/wp-json\/wp\/v2\/pages"}],"about":[{"href":"https:\/\/esjot.biz.pl\/en\/wp-json\/wp\/v2\/types\/page"}],"author":[{"embeddable":true,"href":"https:\/\/esjot.biz.pl\/en\/wp-json\/wp\/v2\/users\/1"}],"replies":[{"embeddable":true,"href":"https:\/\/esjot.biz.pl\/en\/wp-json\/wp\/v2\/comments?post=2696"}],"version-history":[{"count":97,"href":"https:\/\/esjot.biz.pl\/en\/wp-json\/wp\/v2\/pages\/2696\/revisions"}],"predecessor-version":[{"id":5347,"href":"https:\/\/esjot.biz.pl\/en\/wp-json\/wp\/v2\/pages\/2696\/revisions\/5347"}],"up":[{"embeddable":true,"href":"https:\/\/esjot.biz.pl\/en\/wp-json\/wp\/v2\/pages\/1036"}],"wp:attachment":[{"href":"https:\/\/esjot.biz.pl\/en\/wp-json\/wp\/v2\/media?parent=2696"}],"curies":[{"name":"wp","href":"https:\/\/api.w.org\/{rel}","templated":true}]}}