{"id":4046,"date":"2023-08-21T17:23:10","date_gmt":"2023-08-21T15:23:10","guid":{"rendered":"https:\/\/test.esjot.biz.pl\/?page_id=4046"},"modified":"2023-10-30T19:06:07","modified_gmt":"2023-10-30T18:06:07","slug":"media-2","status":"publish","type":"page","link":"https:\/\/esjot.biz.pl\/en\/media-2\/","title":{"rendered":"Media"},"content":{"rendered":"<div data-elementor-type=\"wp-post\" data-elementor-id=\"4046\" class=\"elementor elementor-4046\">\n\t\t\t\t\t\t<section class=\"elementor-section elementor-top-section elementor-element elementor-element-99a1be9 elementor-section-content-middle elementor-section-boxed elementor-section-height-default elementor-section-height-default\" data-id=\"99a1be9\" data-element_type=\"section\" data-settings=\"{&quot;background_background&quot;:&quot;classic&quot;}\">\n\t\t\t\t\t\t<div class=\"elementor-container elementor-column-gap-no\">\n\t\t\t\t\t<div class=\"elementor-column elementor-col-100 elementor-top-column elementor-element elementor-element-f0dbdd2\" data-id=\"f0dbdd2\" data-element_type=\"column\" data-settings=\"{&quot;background_background&quot;:&quot;classic&quot;}\">\n\t\t\t<div class=\"elementor-widget-wrap elementor-element-populated\">\n\t\t\t\t\t\t<div class=\"elementor-element elementor-element-bcf9485 elementor-invisible elementor-widget elementor-widget-heading\" data-id=\"bcf9485\" data-element_type=\"widget\" data-settings=\"{&quot;_animation&quot;:&quot;fadeInUp&quot;}\" data-widget_type=\"heading.default\">\n\t\t\t\t<div class=\"elementor-widget-container\">\n\t\t\t<style>\/*! elementor - v3.21.0 - 26-05-2024 *\/\n.elementor-heading-title{padding:0;margin:0;line-height:1}.elementor-widget-heading .elementor-heading-title[class*=elementor-size-]>a{color:inherit;font-size:inherit;line-height:inherit}.elementor-widget-heading .elementor-heading-title.elementor-size-small{font-size:15px}.elementor-widget-heading .elementor-heading-title.elementor-size-medium{font-size:19px}.elementor-widget-heading .elementor-heading-title.elementor-size-large{font-size:29px}.elementor-widget-heading .elementor-heading-title.elementor-size-xl{font-size:39px}.elementor-widget-heading .elementor-heading-title.elementor-size-xxl{font-size:59px}<\/style><h1 class=\"elementor-heading-title elementor-size-default\">PRESS RELEASES<\/h1>\t\t<\/div>\n\t\t\t\t<\/div>\n\t\t\t\t<div class=\"elementor-element elementor-element-5f581bb elementor-invisible elementor-widget elementor-widget-heading\" data-id=\"5f581bb\" data-element_type=\"widget\" data-settings=\"{&quot;_animation&quot;:&quot;fadeInUp&quot;}\" data-widget_type=\"heading.default\">\n\t\t\t\t<div class=\"elementor-widget-container\">\n\t\t\t<h1 class=\"elementor-heading-title elementor-size-default\">MEDIA<\/h1>\t\t<\/div>\n\t\t\t\t<\/div>\n\t\t\t\t\t<\/div>\n\t\t<\/div>\n\t\t\t\t\t<\/div>\n\t\t<\/section>\n\t\t\t\t<section class=\"elementor-section elementor-top-section elementor-element elementor-element-15c48fb elementor-section-boxed elementor-section-height-default elementor-section-height-default\" data-id=\"15c48fb\" data-element_type=\"section\">\n\t\t\t\t\t\t<div class=\"elementor-container elementor-column-gap-default\">\n\t\t\t\t\t<div class=\"elementor-column elementor-col-50 elementor-top-column elementor-element elementor-element-0d4c0d8\" data-id=\"0d4c0d8\" data-element_type=\"column\">\n\t\t\t<div class=\"elementor-widget-wrap elementor-element-populated\">\n\t\t\t\t\t\t<div class=\"elementor-element elementor-element-d1e8ee2 elementor-widget elementor-widget-image\" data-id=\"d1e8ee2\" data-element_type=\"widget\" data-widget_type=\"image.default\">\n\t\t\t\t<div class=\"elementor-widget-container\">\n\t\t\t<style>\/*! elementor - v3.21.0 - 26-05-2024 *\/\n.elementor-widget-image{text-align:center}.elementor-widget-image a{display:inline-block}.elementor-widget-image a img[src$=\".svg\"]{width:48px}.elementor-widget-image img{vertical-align:middle;display:inline-block}<\/style>\t\t\t\t\t\t\t\t\t\t<img fetchpriority=\"high\" decoding=\"async\" width=\"384\" height=\"500\" src=\"https:\/\/esjot.biz.pl\/wp-content\/uploads\/2023\/10\/szwencja.jpg\" class=\"attachment-large size-large wp-image-5427\" alt=\"\" srcset=\"https:\/\/esjot.biz.pl\/wp-content\/uploads\/2023\/10\/szwencja.jpg 384w, https:\/\/esjot.biz.pl\/wp-content\/uploads\/2023\/10\/szwencja-230x300.jpg 230w, https:\/\/esjot.biz.pl\/wp-content\/uploads\/2023\/10\/szwencja-9x12.jpg 9w\" sizes=\"(max-width: 384px) 100vw, 384px\" \/>\t\t\t\t\t\t\t\t\t\t\t\t\t<\/div>\n\t\t\t\t<\/div>\n\t\t\t\t<div class=\"elementor-element elementor-element-7a72254 elementor-invisible elementor-widget elementor-widget-heading\" data-id=\"7a72254\" data-element_type=\"widget\" data-settings=\"{&quot;_animation&quot;:&quot;fadeIn&quot;}\" data-widget_type=\"heading.default\">\n\t\t\t\t<div class=\"elementor-widget-container\">\n\t\t\t<h1 class=\"elementor-heading-title elementor-size-default\">Branschaktuellt<\/h1>\t\t<\/div>\n\t\t\t\t<\/div>\n\t\t\t\t<div class=\"elementor-element elementor-element-6c2fefb elementor-invisible elementor-widget elementor-widget-heading\" data-id=\"6c2fefb\" data-element_type=\"widget\" data-settings=\"{&quot;_animation&quot;:&quot;fadeIn&quot;}\" data-widget_type=\"heading.default\">\n\t\t\t\t<div class=\"elementor-widget-container\">\n\t\t\t<h1 class=\"elementor-heading-title elementor-size-default\">Rivningen av Gamla Liding\u00f6brons b\u00e5gspann har b\u00f6rjat<\/h1>\t\t<\/div>\n\t\t\t\t<\/div>\n\t\t\t\t<div class=\"elementor-element elementor-element-911fdf8 elementor-widget elementor-widget-text-editor\" data-id=\"911fdf8\" data-element_type=\"widget\" data-widget_type=\"text-editor.default\">\n\t\t\t\t<div class=\"elementor-widget-container\">\n\t\t\t<style>\/*! elementor - v3.21.0 - 26-05-2024 *\/\n.elementor-widget-text-editor.elementor-drop-cap-view-stacked .elementor-drop-cap{background-color:#69727d;color:#fff}.elementor-widget-text-editor.elementor-drop-cap-view-framed .elementor-drop-cap{color:#69727d;border:3px solid;background-color:transparent}.elementor-widget-text-editor:not(.elementor-drop-cap-view-default) .elementor-drop-cap{margin-top:8px}.elementor-widget-text-editor:not(.elementor-drop-cap-view-default) .elementor-drop-cap-letter{width:1em;height:1em}.elementor-widget-text-editor .elementor-drop-cap{float:left;text-align:center;line-height:1;font-size:50px}.elementor-widget-text-editor .elementor-drop-cap-letter{display:inline-block}<\/style>\t\t\t\t<p>Snart ett \u00e5r har g\u00e5tt sedan Lilla Liding\u00f6bron \u00f6ppnade upp f\u00f6r g\u00e5ng-och cykeltrafikanterna. Nu under h\u00f6sten ska Liding\u00f6banan kopplas p\u00e5 sina nya sp\u00e5r i samband med att rivningen av den Gamla Liding\u00f6bron forts\u00e4tter.<\/p>\t\t\t\t\t\t<\/div>\n\t\t\t\t<\/div>\n\t\t\t\t<div class=\"elementor-element elementor-element-b7af940 elementor-mobile-align-center elementor-widget elementor-widget-button\" data-id=\"b7af940\" data-element_type=\"widget\" data-widget_type=\"button.default\">\n\t\t\t\t<div class=\"elementor-widget-container\">\n\t\t\t\t\t<div class=\"elementor-button-wrapper\">\n\t\t\t<a class=\"elementor-button elementor-button-link elementor-size-xs\" href=\"https:\/\/test.esjot.biz.pl\/wp-content\/uploads\/2023\/10\/szwencja_artykul.jpg\">\n\t\t\t\t\t\t<span class=\"elementor-button-content-wrapper\">\n\t\t\t\t\t\t\t\t\t<span class=\"elementor-button-text\">Read<\/span>\n\t\t\t\t\t<\/span>\n\t\t\t\t\t<\/a>\n\t\t<\/div>\n\t\t\t\t<\/div>\n\t\t\t\t<\/div>\n\t\t\t\t\t<\/div>\n\t\t<\/div>\n\t\t\t\t<div class=\"elementor-column elementor-col-50 elementor-top-column elementor-element elementor-element-0e837ff\" data-id=\"0e837ff\" data-element_type=\"column\">\n\t\t\t<div class=\"elementor-widget-wrap elementor-element-populated\">\n\t\t\t\t\t\t<div class=\"elementor-element elementor-element-8c358d1 elementor-widget elementor-widget-image\" data-id=\"8c358d1\" data-element_type=\"widget\" data-widget_type=\"image.default\">\n\t\t\t\t<div class=\"elementor-widget-container\">\n\t\t\t\t\t\t\t\t\t\t\t\t\t<img decoding=\"async\" width=\"384\" height=\"500\" src=\"https:\/\/esjot.biz.pl\/wp-content\/uploads\/2023\/08\/willanow-1.jpg\" class=\"attachment-large size-large wp-image-4082\" alt=\"\" srcset=\"https:\/\/esjot.biz.pl\/wp-content\/uploads\/2023\/08\/willanow-1.jpg 384w, https:\/\/esjot.biz.pl\/wp-content\/uploads\/2023\/08\/willanow-1-230x300.jpg 230w\" sizes=\"(max-width: 384px) 100vw, 384px\" \/>\t\t\t\t\t\t\t\t\t\t\t\t\t<\/div>\n\t\t\t\t<\/div>\n\t\t\t\t<div class=\"elementor-element elementor-element-bcaadc5 elementor-invisible elementor-widget elementor-widget-heading\" data-id=\"bcaadc5\" data-element_type=\"widget\" data-settings=\"{&quot;_animation&quot;:&quot;fadeIn&quot;}\" data-widget_type=\"heading.default\">\n\t\t\t\t<div class=\"elementor-widget-container\">\n\t\t\t<h1 class=\"elementor-heading-title elementor-size-default\">ARCHITEKTURA<\/h1>\t\t<\/div>\n\t\t\t\t<\/div>\n\t\t\t\t<div class=\"elementor-element elementor-element-84e7e69 elementor-invisible elementor-widget elementor-widget-heading\" data-id=\"84e7e69\" data-element_type=\"widget\" data-settings=\"{&quot;_animation&quot;:&quot;fadeIn&quot;}\" data-widget_type=\"heading.default\">\n\t\t\t\t<div class=\"elementor-widget-container\">\n\t\t\t<h1 class=\"elementor-heading-title elementor-size-default\">Zesp\u00f3\u0142 mieszkaniowy Fountain w warszawskim Wilanowie<\/h1>\t\t<\/div>\n\t\t\t\t<\/div>\n\t\t\t\t<div class=\"elementor-element elementor-element-e0b1d1c elementor-widget elementor-widget-text-editor\" data-id=\"e0b1d1c\" data-element_type=\"widget\" data-widget_type=\"text-editor.default\">\n\t\t\t\t<div class=\"elementor-widget-container\">\n\t\t\t\t\t\t\tInspiracj\u0105 dla architekt\u00f3w sta\u0142 si\u0119 charakterystyczny dla paryskich budynk\u00f3w gzyms i oplataj\u0105ce kwarta\u0142 zabudowy balustrady.\t\t\t\t\t\t<\/div>\n\t\t\t\t<\/div>\n\t\t\t\t<div class=\"elementor-element elementor-element-2619ca5 elementor-mobile-align-center elementor-widget elementor-widget-button\" data-id=\"2619ca5\" data-element_type=\"widget\" data-widget_type=\"button.default\">\n\t\t\t\t<div class=\"elementor-widget-container\">\n\t\t\t\t\t<div class=\"elementor-button-wrapper\">\n\t\t\t<a class=\"elementor-button elementor-button-link elementor-size-xs\" href=\"http:\/\/test.esjot.biz.pl\/wp-content\/uploads\/2023\/08\/Willanow.pdf\">\n\t\t\t\t\t\t<span class=\"elementor-button-content-wrapper\">\n\t\t\t\t\t\t\t\t\t<span class=\"elementor-button-text\">Read<\/span>\n\t\t\t\t\t<\/span>\n\t\t\t\t\t<\/a>\n\t\t<\/div>\n\t\t\t\t<\/div>\n\t\t\t\t<\/div>\n\t\t\t\t\t<\/div>\n\t\t<\/div>\n\t\t\t\t\t<\/div>\n\t\t<\/section>\n\t\t\t\t<section class=\"elementor-section elementor-top-section elementor-element elementor-element-18ffb9d elementor-section-boxed elementor-section-height-default elementor-section-height-default\" data-id=\"18ffb9d\" data-element_type=\"section\">\n\t\t\t\t\t\t<div class=\"elementor-container elementor-column-gap-default\">\n\t\t\t\t\t<div class=\"elementor-column elementor-col-50 elementor-top-column elementor-element elementor-element-f56196c\" data-id=\"f56196c\" data-element_type=\"column\">\n\t\t\t<div class=\"elementor-widget-wrap elementor-element-populated\">\n\t\t\t\t\t\t<div class=\"elementor-element elementor-element-5b2a68b elementor-widget elementor-widget-image\" data-id=\"5b2a68b\" data-element_type=\"widget\" data-widget_type=\"image.default\">\n\t\t\t\t<div class=\"elementor-widget-container\">\n\t\t\t\t\t\t\t\t\t\t\t\t\t<img decoding=\"async\" width=\"384\" height=\"500\" src=\"https:\/\/esjot.biz.pl\/wp-content\/uploads\/2023\/08\/Swiat.jpg\" class=\"attachment-large size-large wp-image-4067\" alt=\"\" srcset=\"https:\/\/esjot.biz.pl\/wp-content\/uploads\/2023\/08\/Swiat.jpg 384w, https:\/\/esjot.biz.pl\/wp-content\/uploads\/2023\/08\/Swiat-230x300.jpg 230w\" sizes=\"(max-width: 384px) 100vw, 384px\" \/>\t\t\t\t\t\t\t\t\t\t\t\t\t<\/div>\n\t\t\t\t<\/div>\n\t\t\t\t<div class=\"elementor-element elementor-element-4ce73a8 elementor-invisible elementor-widget elementor-widget-heading\" data-id=\"4ce73a8\" data-element_type=\"widget\" data-settings=\"{&quot;_animation&quot;:&quot;fadeIn&quot;}\" data-widget_type=\"heading.default\">\n\t\t\t\t<div class=\"elementor-widget-container\">\n\t\t\t<h1 class=\"elementor-heading-title elementor-size-default\">\u015awiat architektury<\/h1>\t\t<\/div>\n\t\t\t\t<\/div>\n\t\t\t\t<div class=\"elementor-element elementor-element-d079547 elementor-invisible elementor-widget elementor-widget-heading\" data-id=\"d079547\" data-element_type=\"widget\" data-settings=\"{&quot;_animation&quot;:&quot;fadeIn&quot;}\" data-widget_type=\"heading.default\">\n\t\t\t\t<div class=\"elementor-widget-container\">\n\t\t\t<h1 class=\"elementor-heading-title elementor-size-default\">Olympic Park hotel and spa complex<\/h1>\t\t<\/div>\n\t\t\t\t<\/div>\n\t\t\t\t<div class=\"elementor-element elementor-element-e5c4637 elementor-widget elementor-widget-text-editor\" data-id=\"e5c4637\" data-element_type=\"widget\" data-widget_type=\"text-editor.default\">\n\t\t\t\t<div class=\"elementor-widget-container\">\n\t\t\t\t\t\t\t<p>Inwestycja zlokalizowana zosta\u0142a w bezpo\u015brednim s\u0105siedztwie pasa nadmorskiego Ko\u0142obrzegu. W jej za\u0142o\u017ceniach znalaz\u0142y si\u0119: Hotel Uzdrowiskowy, Hotel Apartamentowy oraz park usytuowany po stronie p\u00f3\u0142nocno-wschodniej kompleksu.<\/p>\t\t\t\t\t\t<\/div>\n\t\t\t\t<\/div>\n\t\t\t\t<div class=\"elementor-element elementor-element-ab4214d elementor-mobile-align-center elementor-widget elementor-widget-button\" data-id=\"ab4214d\" data-element_type=\"widget\" data-widget_type=\"button.default\">\n\t\t\t\t<div class=\"elementor-widget-container\">\n\t\t\t\t\t<div class=\"elementor-button-wrapper\">\n\t\t\t<a class=\"elementor-button elementor-button-link elementor-size-xs\" href=\"http:\/\/test.esjot.biz.pl\/wp-content\/uploads\/2023\/08\/ESjOT_Olympic_Park.pdf\">\n\t\t\t\t\t\t<span class=\"elementor-button-content-wrapper\">\n\t\t\t\t\t\t\t\t\t<span class=\"elementor-button-text\">Read<\/span>\n\t\t\t\t\t<\/span>\n\t\t\t\t\t<\/a>\n\t\t<\/div>\n\t\t\t\t<\/div>\n\t\t\t\t<\/div>\n\t\t\t\t\t<\/div>\n\t\t<\/div>\n\t\t\t\t<div class=\"elementor-column elementor-col-50 elementor-top-column elementor-element elementor-element-df8b14d\" data-id=\"df8b14d\" data-element_type=\"column\">\n\t\t\t<div class=\"elementor-widget-wrap elementor-element-populated\">\n\t\t\t\t\t\t<div class=\"elementor-element elementor-element-ea3bbbc elementor-widget elementor-widget-image\" data-id=\"ea3bbbc\" data-element_type=\"widget\" data-widget_type=\"image.default\">\n\t\t\t\t<div class=\"elementor-widget-container\">\n\t\t\t\t\t\t\t\t\t\t\t\t\t<img loading=\"lazy\" decoding=\"async\" width=\"390\" height=\"500\" src=\"https:\/\/esjot.biz.pl\/wp-content\/uploads\/2023\/08\/Baltiska-1.jpg\" class=\"attachment-large size-large wp-image-4068\" alt=\"\" srcset=\"https:\/\/esjot.biz.pl\/wp-content\/uploads\/2023\/08\/Baltiska-1.jpg 390w, https:\/\/esjot.biz.pl\/wp-content\/uploads\/2023\/08\/Baltiska-1-234x300.jpg 234w\" sizes=\"(max-width: 390px) 100vw, 390px\" \/>\t\t\t\t\t\t\t\t\t\t\t\t\t<\/div>\n\t\t\t\t<\/div>\n\t\t\t\t<div class=\"elementor-element elementor-element-257803c elementor-invisible elementor-widget elementor-widget-heading\" data-id=\"257803c\" data-element_type=\"widget\" data-settings=\"{&quot;_animation&quot;:&quot;fadeIn&quot;}\" data-widget_type=\"heading.default\">\n\t\t\t\t<div class=\"elementor-widget-container\">\n\t\t\t<h1 class=\"elementor-heading-title elementor-size-default\">Baltiska<\/h1>\t\t<\/div>\n\t\t\t\t<\/div>\n\t\t\t\t<div class=\"elementor-element elementor-element-339043f elementor-invisible elementor-widget elementor-widget-heading\" data-id=\"339043f\" data-element_type=\"widget\" data-settings=\"{&quot;_animation&quot;:&quot;fadeIn&quot;}\" data-widget_type=\"heading.default\">\n\t\t\t\t<div class=\"elementor-widget-container\">\n\t\t\t<h1 class=\"elementor-heading-title elementor-size-default\">Laserskuret p\u00e5 \u00c5hl\u00e9nshuset<\/h1>\t\t<\/div>\n\t\t\t\t<\/div>\n\t\t\t\t<div class=\"elementor-element elementor-element-b2a1192 elementor-widget elementor-widget-text-editor\" data-id=\"b2a1192\" data-element_type=\"widget\" data-widget_type=\"text-editor.default\">\n\t\t\t\t<div class=\"elementor-widget-container\">\n\t\t\t\t\t\t\t<p>I Uppsala h\u00e5ller \u00c5hl\u00e9nshuset p\u00e5 att byta skepnad och arbetena \u00e4r i full g\u00e5ng. H\u00f6gt uppe p\u00e5 ytterv\u00e4ggarna arbetar man nu f\u00f6r h\u00f6gtryck med att montera fasadelementen som ska ge byggnaden en ny modern karakt\u00e4r.<\/p>\t\t\t\t\t\t<\/div>\n\t\t\t\t<\/div>\n\t\t\t\t<div class=\"elementor-element elementor-element-23f6542 elementor-mobile-align-center elementor-widget elementor-widget-button\" data-id=\"23f6542\" data-element_type=\"widget\" data-widget_type=\"button.default\">\n\t\t\t\t<div class=\"elementor-widget-container\">\n\t\t\t\t\t<div class=\"elementor-button-wrapper\">\n\t\t\t<a class=\"elementor-button elementor-button-link elementor-size-xs\" href=\"http:\/\/test.esjot.biz.pl\/wp-content\/uploads\/2023\/08\/ESjOT_Baltiska.pdf\">\n\t\t\t\t\t\t<span class=\"elementor-button-content-wrapper\">\n\t\t\t\t\t\t\t\t\t<span class=\"elementor-button-text\">Read<\/span>\n\t\t\t\t\t<\/span>\n\t\t\t\t\t<\/a>\n\t\t<\/div>\n\t\t\t\t<\/div>\n\t\t\t\t<\/div>\n\t\t\t\t\t<\/div>\n\t\t<\/div>\n\t\t\t\t\t<\/div>\n\t\t<\/section>\n\t\t\t\t<\/div>","protected":false},"excerpt":{"rendered":"<p>ARTYKU\u0141Y PRASOWE MEDIA Branschaktuellt Rivningen av Gamla Liding\u00f6brons b\u00e5gspann har b\u00f6rjat Snart ett \u00e5r har g\u00e5tt sedan Lilla Liding\u00f6bron \u00f6ppnade upp f\u00f6r g\u00e5ng-och cykeltrafikanterna. Nu under h\u00f6sten ska Liding\u00f6banan kopplas p\u00e5 sina nya sp\u00e5r i samband med att rivningen av den Gamla Liding\u00f6bron forts\u00e4tter. Czytaj ARCHITEKTURA Zesp\u00f3\u0142 mieszkaniowy Fountain w warszawskim Wilanowie Inspiracj\u0105 dla architekt\u00f3w [&hellip;]<\/p>","protected":false},"author":1,"featured_media":0,"parent":0,"menu_order":0,"comment_status":"closed","ping_status":"closed","template":"full-width.php","meta":{"_acf_changed":false,"inline_featured_image":false,"footnotes":""},"class_list":["post-4046","page","type-page","status-publish","hentry"],"acf":[],"_links":{"self":[{"href":"https:\/\/esjot.biz.pl\/en\/wp-json\/wp\/v2\/pages\/4046","targetHints":{"allow":["GET"]}}],"collection":[{"href":"https:\/\/esjot.biz.pl\/en\/wp-json\/wp\/v2\/pages"}],"about":[{"href":"https:\/\/esjot.biz.pl\/en\/wp-json\/wp\/v2\/types\/page"}],"author":[{"embeddable":true,"href":"https:\/\/esjot.biz.pl\/en\/wp-json\/wp\/v2\/users\/1"}],"replies":[{"embeddable":true,"href":"https:\/\/esjot.biz.pl\/en\/wp-json\/wp\/v2\/comments?post=4046"}],"version-history":[{"count":64,"href":"https:\/\/esjot.biz.pl\/en\/wp-json\/wp\/v2\/pages\/4046\/revisions"}],"predecessor-version":[{"id":5440,"href":"https:\/\/esjot.biz.pl\/en\/wp-json\/wp\/v2\/pages\/4046\/revisions\/5440"}],"wp:attachment":[{"href":"https:\/\/esjot.biz.pl\/en\/wp-json\/wp\/v2\/media?parent=4046"}],"curies":[{"name":"wp","href":"https:\/\/api.w.org\/{rel}","templated":true}]}}