{"id":5211,"date":"2023-10-12T15:49:55","date_gmt":"2023-10-12T13:49:55","guid":{"rendered":"https:\/\/test.esjot.biz.pl\/?page_id=5211"},"modified":"2023-10-12T15:52:59","modified_gmt":"2023-10-12T13:52:59","slug":"polityka-cookies","status":"publish","type":"page","link":"https:\/\/esjot.biz.pl\/en\/polityka-cookies\/","title":{"rendered":"Polityka cookies"},"content":{"rendered":"<div data-elementor-type=\"wp-post\" data-elementor-id=\"5211\" class=\"elementor elementor-5211\">\n\t\t\t\t\t\t<section class=\"elementor-section elementor-top-section elementor-element elementor-element-4ac3974 elementor-section-content-middle elementor-section-boxed elementor-section-height-default elementor-section-height-default\" data-id=\"4ac3974\" data-element_type=\"section\" data-settings=\"{&quot;background_background&quot;:&quot;classic&quot;}\">\n\t\t\t\t\t\t<div class=\"elementor-container elementor-column-gap-no\">\n\t\t\t\t\t<div class=\"elementor-column elementor-col-100 elementor-top-column elementor-element elementor-element-2514fbe\" data-id=\"2514fbe\" data-element_type=\"column\" data-settings=\"{&quot;background_background&quot;:&quot;classic&quot;}\">\n\t\t\t<div class=\"elementor-widget-wrap elementor-element-populated\">\n\t\t\t\t\t\t<div class=\"elementor-element elementor-element-41b25d8 elementor-invisible elementor-widget elementor-widget-heading\" data-id=\"41b25d8\" data-element_type=\"widget\" data-settings=\"{&quot;_animation&quot;:&quot;fadeInUp&quot;}\" data-widget_type=\"heading.default\">\n\t\t\t\t<div class=\"elementor-widget-container\">\n\t\t\t<style>\/*! elementor - v3.21.0 - 26-05-2024 *\/\n.elementor-heading-title{padding:0;margin:0;line-height:1}.elementor-widget-heading .elementor-heading-title[class*=elementor-size-]>a{color:inherit;font-size:inherit;line-height:inherit}.elementor-widget-heading .elementor-heading-title.elementor-size-small{font-size:15px}.elementor-widget-heading .elementor-heading-title.elementor-size-medium{font-size:19px}.elementor-widget-heading .elementor-heading-title.elementor-size-large{font-size:29px}.elementor-widget-heading .elementor-heading-title.elementor-size-xl{font-size:39px}.elementor-widget-heading .elementor-heading-title.elementor-size-xxl{font-size:59px}<\/style><h1 class=\"elementor-heading-title elementor-size-default\">our company<\/h1>\t\t<\/div>\n\t\t\t\t<\/div>\n\t\t\t\t<div class=\"elementor-element elementor-element-426b5e7 elementor-invisible elementor-widget elementor-widget-heading\" data-id=\"426b5e7\" data-element_type=\"widget\" data-settings=\"{&quot;_animation&quot;:&quot;fadeInUp&quot;}\" data-widget_type=\"heading.default\">\n\t\t\t\t<div class=\"elementor-widget-container\">\n\t\t\t<h1 class=\"elementor-heading-title elementor-size-default\">Polityka cookies<\/h1>\t\t<\/div>\n\t\t\t\t<\/div>\n\t\t\t\t<div class=\"elementor-element elementor-element-13e0e10 elementor-invisible elementor-widget elementor-widget-heading\" data-id=\"13e0e10\" data-element_type=\"widget\" data-settings=\"{&quot;_animation&quot;:&quot;fadeIn&quot;}\" data-widget_type=\"heading.default\">\n\t\t\t\t<div class=\"elementor-widget-container\">\n\t\t\t<h1 class=\"elementor-heading-title elementor-size-default\">wersja obowi\u0105zuj\u0105ca od dnia 12.10.2023r.<\/h1>\t\t<\/div>\n\t\t\t\t<\/div>\n\t\t\t\t\t<\/div>\n\t\t<\/div>\n\t\t\t\t\t<\/div>\n\t\t<\/section>\n\t\t\t\t<section class=\"elementor-section elementor-top-section elementor-element elementor-element-8e4dee0 elementor-section-content-middle elementor-section-boxed elementor-section-height-default elementor-section-height-default\" data-id=\"8e4dee0\" data-element_type=\"section\" data-settings=\"{&quot;background_background&quot;:&quot;classic&quot;}\">\n\t\t\t\t\t\t\t<div class=\"elementor-background-overlay\"><\/div>\n\t\t\t\t\t\t\t<div class=\"elementor-container elementor-column-gap-no\">\n\t\t\t\t\t<div class=\"elementor-column elementor-col-100 elementor-top-column elementor-element elementor-element-f1103aa\" data-id=\"f1103aa\" data-element_type=\"column\" data-settings=\"{&quot;background_background&quot;:&quot;classic&quot;}\">\n\t\t\t<div class=\"elementor-widget-wrap elementor-element-populated\">\n\t\t\t\t\t\t<div class=\"elementor-element elementor-element-92e27c8 elementor-invisible elementor-widget elementor-widget-heading\" data-id=\"92e27c8\" data-element_type=\"widget\" data-settings=\"{&quot;_animation&quot;:&quot;fadeIn&quot;}\" data-widget_type=\"heading.default\">\n\t\t\t\t<div class=\"elementor-widget-container\">\n\t\t\t<h1 class=\"elementor-heading-title elementor-size-default\">Informacje og\u00f3lne<\/h1>\t\t<\/div>\n\t\t\t\t<\/div>\n\t\t\t\t<div class=\"elementor-element elementor-element-c0a5599 elementor-widget elementor-widget-text-editor\" data-id=\"c0a5599\" data-element_type=\"widget\" data-widget_type=\"text-editor.default\">\n\t\t\t\t<div class=\"elementor-widget-container\">\n\t\t\t<style>\/*! elementor - v3.21.0 - 26-05-2024 *\/\n.elementor-widget-text-editor.elementor-drop-cap-view-stacked .elementor-drop-cap{background-color:#69727d;color:#fff}.elementor-widget-text-editor.elementor-drop-cap-view-framed .elementor-drop-cap{color:#69727d;border:3px solid;background-color:transparent}.elementor-widget-text-editor:not(.elementor-drop-cap-view-default) .elementor-drop-cap{margin-top:8px}.elementor-widget-text-editor:not(.elementor-drop-cap-view-default) .elementor-drop-cap-letter{width:1em;height:1em}.elementor-widget-text-editor .elementor-drop-cap{float:left;text-align:center;line-height:1;font-size:50px}.elementor-widget-text-editor .elementor-drop-cap-letter{display:inline-block}<\/style>\t\t\t\t<p>Podczas przegl\u0105dania stron internetowych Sklepu Internetowego s\u0105 u\u017cywane pliki \u201ecookies\u201d, zwane dalej Cookies, czyli niewielkie informacje tekstowe, kt\u00f3re s\u0105 zapisywane w Twoim urz\u0105dzeniu ko\u0144cowym w zwi\u0105zku z korzystaniem ze Sklepu Internetowego. Ich stosowanie ma na celu poprawne dzia\u0142anie stron internetowych Sklepu Internetowego.<\/p><p>Pliki te pozwalaj\u0105 zidentyfikowa\u0107 oprogramowanie wykorzystywane przez Ciebie i dostosowa\u0107 Sklep Internetowy indywidualnie do Twoich potrzeb.<\/p><p>Pliki Cookies zazwyczaj zawieraj\u0105 nazw\u0119 domeny, z kt\u00f3rej pochodz\u0105, czas przechowywania ich na urz\u0105dzeniu oraz przypisan\u0105 warto\u015b\u0107.<\/p>\t\t\t\t\t\t<\/div>\n\t\t\t\t<\/div>\n\t\t\t\t<div class=\"elementor-element elementor-element-e1b519c elementor-invisible elementor-widget elementor-widget-heading\" data-id=\"e1b519c\" data-element_type=\"widget\" data-settings=\"{&quot;_animation&quot;:&quot;fadeIn&quot;}\" data-widget_type=\"heading.default\">\n\t\t\t\t<div class=\"elementor-widget-container\">\n\t\t\t<h1 class=\"elementor-heading-title elementor-size-default\">Bezpiecze\u0144stwo<\/h1>\t\t<\/div>\n\t\t\t\t<\/div>\n\t\t\t\t<div class=\"elementor-element elementor-element-ca71c66 elementor-widget elementor-widget-text-editor\" data-id=\"ca71c66\" data-element_type=\"widget\" data-widget_type=\"text-editor.default\">\n\t\t\t\t<div class=\"elementor-widget-container\">\n\t\t\t\t\t\t\t<p>Stosowane przez nas pliki Cookies s\u0105 bezpieczne dla Twoich urz\u0105dze\u0144. W szczeg\u00f3lno\u015bci nie jest mo\u017cliwe przedostanie si\u0119 do Twoich urz\u0105dze\u0144 poprzez pliki Cookies wirus\u00f3w lub innego niechcianego oprogramowania lub oprogramowania z\u0142o\u015bliwego.<\/p>\t\t\t\t\t\t<\/div>\n\t\t\t\t<\/div>\n\t\t\t\t<div class=\"elementor-element elementor-element-bdc3218 elementor-invisible elementor-widget elementor-widget-heading\" data-id=\"bdc3218\" data-element_type=\"widget\" data-settings=\"{&quot;_animation&quot;:&quot;fadeIn&quot;}\" data-widget_type=\"heading.default\">\n\t\t\t\t<div class=\"elementor-widget-container\">\n\t\t\t<h1 class=\"elementor-heading-title elementor-size-default\">Rodzaje plik\u00f3w Cookies<\/h1>\t\t<\/div>\n\t\t\t\t<\/div>\n\t\t\t\t<div class=\"elementor-element elementor-element-650d2ae elementor-widget elementor-widget-text-editor\" data-id=\"650d2ae\" data-element_type=\"widget\" data-widget_type=\"text-editor.default\">\n\t\t\t\t<div class=\"elementor-widget-container\">\n\t\t\t\t\t\t\t<p>Stosujemy dwa rodzaje plik\u00f3w Cookies:<\/p><ul><li>Cookies sesyjne: s\u0105 przechowywane na Twoim urz\u0105dzeniu i pozostaj\u0105 tam do momentu zako\u0144czenia sesji danej przegl\u0105darki. Zapisane informacje s\u0105 w\u00f3wczas trwale usuwane z pami\u0119ci Twojego urz\u0105dzenia. Mechanizm Cookies sesyjnych nie pozwala na pobieranie jakichkolwiek danych osobowych ani \u017cadnych informacji poufnych z Twojego urz\u0105dzenia.<\/li><li>Cookies trwa\u0142e: s\u0105 przechowywane na Twoim urz\u0105dzeniu i pozostaj\u0105 tam do momentu ich skasowania. Zako\u0144czenie sesji danej przegl\u0105darki lub wy\u0142\u0105czenie urz\u0105dzenia nie powoduje ich usuni\u0119cia z Twojego urz\u0105dzenia. Mechanizm Cookies trwa\u0142ych nie pozwala na pobieranie jakichkolwiek danych osobowych ani \u017cadnych informacji poufnych z Twojego urz\u0105dzenia.<\/li><\/ul>\t\t\t\t\t\t<\/div>\n\t\t\t\t<\/div>\n\t\t\t\t<div class=\"elementor-element elementor-element-2302a94 elementor-invisible elementor-widget elementor-widget-heading\" data-id=\"2302a94\" data-element_type=\"widget\" data-settings=\"{&quot;_animation&quot;:&quot;fadeIn&quot;}\" data-widget_type=\"heading.default\">\n\t\t\t\t<div class=\"elementor-widget-container\">\n\t\t\t<h1 class=\"elementor-heading-title elementor-size-default\">Cele<\/h1>\t\t<\/div>\n\t\t\t\t<\/div>\n\t\t\t\t<div class=\"elementor-element elementor-element-dd245e4 elementor-widget elementor-widget-text-editor\" data-id=\"dd245e4\" data-element_type=\"widget\" data-widget_type=\"text-editor.default\">\n\t\t\t\t<div class=\"elementor-widget-container\">\n\t\t\t\t\t\t\t<ul><li><p>Wykorzystujemy tak\u017ce pliki Cookies podmiot\u00f3w zewn\u0119trznych w nast\u0119puj\u0105cych celach:<\/p><ul><li>konfiguracji Sklepu Internetowego;<\/li><li>prezentacji \u015awiadectwa Zgodno\u015bci, za po\u015brednictwem serwisu internetowego solidnyregulamin.pl, kt\u00f3rego administratorem jest APM Poniatowska-Maj Kancelaria Prawna sp. k., z siedzib\u0105 w Gda\u0144sku, Polityka Prywatno\u015bci dost\u0119pna jest pod nast\u0119puj\u0105cym linkiem: \u2013 http:\/\/solidnyregulamin.pl\/polityka-prywatnosci\/;<\/li><\/ul><ul><li>tworzenia statystyk, kt\u00f3re pomagaj\u0105 zrozumie\u0107, w jaki spos\u00f3b u\u017cytkownicy sklepu internetowego korzystaj\u0105 ze stron internetowych, co umo\u017cliwia ulepszanie ich struktury i zawarto\u015bci za po\u015brednictwem narz\u0119dzi analitycznych Google Analytics, kt\u00f3rych administratorem jest Google Ireland Ltd. z siedzib\u0105 w Irlandii, Polityka ochrony prywatno\u015bci Google jest dost\u0119pna pod nast\u0119puj\u0105cym linkiem: https:\/\/policies.google.com\/privacy?fg=1;<\/li><\/ul><ul><li>zapisania ostatniej wersji j\u0119zykowej strony internetowej Sklepu, za pomoc\u0105 narz\u0119dzi Polyang, kt\u00f3rego administratorem jest WP SYNTEX S.A.R.L z siedzib\u0105 we Francji, Polityka Prywatno\u015bci dost\u0119pna pod nast\u0119puj\u0105cym linkiem: https:\/\/polylang.pro\/privacy-policy\/.<\/li><\/ul><p>Aby pozna\u0107 zasady korzystania z Cookies, zalecamy zapoznanie si\u0119 z politykami prywatno\u015bci wy\u017cej wskazanych firm.<\/p><p>Cookies mog\u0105 by\u0107 wykorzystane przez sieci reklamowe, w szczeg\u00f3lno\u015bci sie\u0107 Google, do wy\u015bwietlenia reklam dopasowanych do Twoich preferencji. W tym celu mog\u0105 zosta\u0107 zachowane informacje o sposobie poruszania si\u0119 przez Ciebie w sieci lub czasie skorzystania ze strony internetowej.<\/p><p>Aby przegl\u0105da\u0107 i edytowa\u0107 informacje o Twoich preferencjach, gromadzonych przez sie\u0107 reklamow\u0105 Google, mo\u017cesz skorzysta\u0107 z narz\u0119dzia zamieszczonego pod linkiem https:\/\/www.google.com\/ads\/preferences\/.<\/p><p>Za pomoc\u0105 ustawie\u0144 przegl\u0105darki internetowej lub za pomoc\u0105 konfiguracji us\u0142ugi, mo\u017cesz samodzielnie i w ka\u017cdym czasie zmieni\u0107 ustawienia dotycz\u0105ce Cookies, okre\u015blaj\u0105c warunki ich przechowywania i uzyskiwania dost\u0119pu przez Cookies do Twojego urz\u0105dzenia. Ustawienia te mo\u017cesz zmieni\u0107 tak, aby blokowa\u0107 automatyczn\u0105 obs\u0142ug\u0119 Cookies w ustawieniach przegl\u0105darki internetowej b\u0105d\u017a informowa\u0107 o ich ka\u017cdorazowym zamieszczeniu na Twoim urz\u0105dzeniu. Szczeg\u00f3\u0142owe informacje o mo\u017cliwo\u015bci i sposobach obs\u0142ugi Cookies dost\u0119pne s\u0105 w ustawieniach Twojego oprogramowania (przegl\u0105darki internetowej).<\/p><\/li><\/ul>\t\t\t\t\t\t<\/div>\n\t\t\t\t<\/div>\n\t\t\t\t\t<\/div>\n\t\t<\/div>\n\t\t\t\t\t<\/div>\n\t\t<\/section>\n\t\t\t\t<\/div>","protected":false},"excerpt":{"rendered":"<p>nasza firma Polityka cookies wersja obowi\u0105zuj\u0105ca od dnia 12.10.2023r. Informacje og\u00f3lne Podczas przegl\u0105dania stron internetowych Sklepu Internetowego s\u0105 u\u017cywane pliki \u201ecookies\u201d, zwane dalej Cookies, czyli niewielkie informacje tekstowe, kt\u00f3re s\u0105 zapisywane w Twoim urz\u0105dzeniu ko\u0144cowym w zwi\u0105zku z korzystaniem ze Sklepu Internetowego. Ich stosowanie ma na celu poprawne dzia\u0142anie stron internetowych Sklepu Internetowego. Pliki te [&hellip;]<\/p>","protected":false},"author":1,"featured_media":0,"parent":0,"menu_order":0,"comment_status":"closed","ping_status":"closed","template":"full-width.php","meta":{"_acf_changed":false,"inline_featured_image":false,"footnotes":""},"class_list":["post-5211","page","type-page","status-publish","hentry"],"acf":[],"_links":{"self":[{"href":"https:\/\/esjot.biz.pl\/en\/wp-json\/wp\/v2\/pages\/5211","targetHints":{"allow":["GET"]}}],"collection":[{"href":"https:\/\/esjot.biz.pl\/en\/wp-json\/wp\/v2\/pages"}],"about":[{"href":"https:\/\/esjot.biz.pl\/en\/wp-json\/wp\/v2\/types\/page"}],"author":[{"embeddable":true,"href":"https:\/\/esjot.biz.pl\/en\/wp-json\/wp\/v2\/users\/1"}],"replies":[{"embeddable":true,"href":"https:\/\/esjot.biz.pl\/en\/wp-json\/wp\/v2\/comments?post=5211"}],"version-history":[{"count":4,"href":"https:\/\/esjot.biz.pl\/en\/wp-json\/wp\/v2\/pages\/5211\/revisions"}],"predecessor-version":[{"id":5215,"href":"https:\/\/esjot.biz.pl\/en\/wp-json\/wp\/v2\/pages\/5211\/revisions\/5215"}],"wp:attachment":[{"href":"https:\/\/esjot.biz.pl\/en\/wp-json\/wp\/v2\/media?parent=5211"}],"curies":[{"name":"wp","href":"https:\/\/api.w.org\/{rel}","templated":true}]}}