{"id":5790,"date":"2024-07-31T14:22:54","date_gmt":"2024-07-31T12:22:54","guid":{"rendered":"https:\/\/esjot.biz.pl\/?page_id=5790"},"modified":"2024-08-02T21:36:37","modified_gmt":"2024-08-02T19:36:37","slug":"praca","status":"publish","type":"page","link":"https:\/\/esjot.biz.pl\/en\/praca\/","title":{"rendered":"Kariera"},"content":{"rendered":"<div data-elementor-type=\"wp-post\" data-elementor-id=\"5790\" class=\"elementor elementor-5790\">\n\t\t\t\t\t\t<section class=\"elementor-section elementor-top-section elementor-element elementor-element-4ac3974 elementor-section-content-middle elementor-section-boxed elementor-section-height-default elementor-section-height-default\" data-id=\"4ac3974\" data-element_type=\"section\" data-settings=\"{&quot;background_background&quot;:&quot;classic&quot;}\">\n\t\t\t\t\t\t<div class=\"elementor-container elementor-column-gap-no\">\n\t\t\t\t\t<div class=\"elementor-column elementor-col-100 elementor-top-column elementor-element elementor-element-2514fbe\" data-id=\"2514fbe\" data-element_type=\"column\" data-settings=\"{&quot;background_background&quot;:&quot;classic&quot;}\">\n\t\t\t<div class=\"elementor-widget-wrap elementor-element-populated\">\n\t\t\t\t\t\t<div class=\"elementor-element elementor-element-41b25d8 elementor-invisible elementor-widget elementor-widget-heading\" data-id=\"41b25d8\" data-element_type=\"widget\" data-settings=\"{&quot;_animation&quot;:&quot;fadeInUp&quot;}\" data-widget_type=\"heading.default\">\n\t\t\t\t<div class=\"elementor-widget-container\">\n\t\t\t<style>\/*! elementor - v3.21.0 - 26-05-2024 *\/\n.elementor-heading-title{padding:0;margin:0;line-height:1}.elementor-widget-heading .elementor-heading-title[class*=elementor-size-]>a{color:inherit;font-size:inherit;line-height:inherit}.elementor-widget-heading .elementor-heading-title.elementor-size-small{font-size:15px}.elementor-widget-heading .elementor-heading-title.elementor-size-medium{font-size:19px}.elementor-widget-heading .elementor-heading-title.elementor-size-large{font-size:29px}.elementor-widget-heading .elementor-heading-title.elementor-size-xl{font-size:39px}.elementor-widget-heading .elementor-heading-title.elementor-size-xxl{font-size:59px}<\/style><h1 class=\"elementor-heading-title elementor-size-default\">CAREERS<\/h1>\t\t<\/div>\n\t\t\t\t<\/div>\n\t\t\t\t<div class=\"elementor-element elementor-element-426b5e7 elementor-invisible elementor-widget elementor-widget-heading\" data-id=\"426b5e7\" data-element_type=\"widget\" data-settings=\"{&quot;_animation&quot;:&quot;fadeInUp&quot;}\" data-widget_type=\"heading.default\">\n\t\t\t\t<div class=\"elementor-widget-container\">\n\t\t\t<h1 class=\"elementor-heading-title elementor-size-default\">AKTUALNE OFERTY PRACY<\/h1>\t\t<\/div>\n\t\t\t\t<\/div>\n\t\t\t\t\t<\/div>\n\t\t<\/div>\n\t\t\t\t\t<\/div>\n\t\t<\/section>\n\t\t\t\t<section class=\"elementor-section elementor-top-section elementor-element elementor-element-a8b4494 elementor-hidden-mobile elementor-section-boxed elementor-section-height-default elementor-section-height-default\" data-id=\"a8b4494\" data-element_type=\"section\">\n\t\t\t\t\t\t<div class=\"elementor-container elementor-column-gap-default\">\n\t\t\t\t\t<div class=\"elementor-column elementor-col-50 elementor-top-column elementor-element elementor-element-f4f6b08\" data-id=\"f4f6b08\" data-element_type=\"column\">\n\t\t\t<div class=\"elementor-widget-wrap elementor-element-populated\">\n\t\t\t\t\t\t<div class=\"elementor-element elementor-element-51ec05e elementor-widget elementor-widget-image\" data-id=\"51ec05e\" data-element_type=\"widget\" data-widget_type=\"image.default\">\n\t\t\t\t<div class=\"elementor-widget-container\">\n\t\t\t<style>\/*! elementor - v3.21.0 - 26-05-2024 *\/\n.elementor-widget-image{text-align:center}.elementor-widget-image a{display:inline-block}.elementor-widget-image a img[src$=\".svg\"]{width:48px}.elementor-widget-image img{vertical-align:middle;display:inline-block}<\/style>\t\t\t\t\t\t\t\t\t\t<img fetchpriority=\"high\" decoding=\"async\" width=\"1024\" height=\"1024\" src=\"https:\/\/esjot.biz.pl\/wp-content\/uploads\/2022\/12\/ESjOT_home_wciecie_pion.svg\" class=\"attachment-large size-large wp-image-1181\" alt=\"\" \/>\t\t\t\t\t\t\t\t\t\t\t\t\t<\/div>\n\t\t\t\t<\/div>\n\t\t\t\t\t<\/div>\n\t\t<\/div>\n\t\t\t\t<div class=\"elementor-column elementor-col-50 elementor-top-column elementor-element elementor-element-fc90b4f\" data-id=\"fc90b4f\" data-element_type=\"column\">\n\t\t\t<div class=\"elementor-widget-wrap\">\n\t\t\t\t\t\t\t<\/div>\n\t\t<\/div>\n\t\t\t\t\t<\/div>\n\t\t<\/section>\n\t\t\t\t<section class=\"elementor-section elementor-inner-section elementor-element elementor-element-2a7c081d elementor-section-boxed elementor-section-height-default elementor-section-height-default\" data-id=\"2a7c081d\" data-element_type=\"section\">\n\t\t\t\t\t\t<div class=\"elementor-container elementor-column-gap-default\">\n\t\t\t\t\t<div class=\"elementor-column elementor-col-100 elementor-inner-column elementor-element elementor-element-22cae708\" data-id=\"22cae708\" data-element_type=\"column\">\n\t\t\t<div class=\"elementor-widget-wrap elementor-element-populated\">\n\t\t\t\t\t\t<div class=\"elementor-element elementor-element-30ee5585 elementor-widget elementor-widget-heading\" data-id=\"30ee5585\" data-element_type=\"widget\" data-widget_type=\"heading.default\">\n\t\t\t\t<div class=\"elementor-widget-container\">\n\t\t\t<h2 class=\"elementor-heading-title elementor-size-default\">OFERTY PRACY<\/h2>\t\t<\/div>\n\t\t\t\t<\/div>\n\t\t\t\t<div class=\"elementor-element elementor-element-160c1888 elementor-widget elementor-widget-heading\" data-id=\"160c1888\" data-element_type=\"widget\" data-widget_type=\"heading.default\">\n\t\t\t\t<div class=\"elementor-widget-container\">\n\t\t\t<h2 class=\"elementor-heading-title elementor-size-default\">rekrutujemy na stanowiska<\/h2>\t\t<\/div>\n\t\t\t\t<\/div>\n\t\t\t\t\t<\/div>\n\t\t<\/div>\n\t\t\t\t\t<\/div>\n\t\t<\/section>\n\t\t\t\t<section class=\"elementor-section elementor-top-section elementor-element elementor-element-0ba6f67 elementor-section-boxed elementor-section-height-default elementor-section-height-default\" data-id=\"0ba6f67\" data-element_type=\"section\">\n\t\t\t\t\t\t<div class=\"elementor-container elementor-column-gap-custom\">\n\t\t\t\t\t<div class=\"elementor-column elementor-col-50 elementor-top-column elementor-element elementor-element-187e215\" data-id=\"187e215\" data-element_type=\"column\">\n\t\t\t<div class=\"elementor-widget-wrap elementor-element-populated\">\n\t\t\t\t\t\t<div class=\"elementor-element elementor-element-4d03787 elementor-widget elementor-widget-text-editor\" data-id=\"4d03787\" data-element_type=\"widget\" data-widget_type=\"text-editor.default\">\n\t\t\t\t<div class=\"elementor-widget-container\">\n\t\t\t<style>\/*! elementor - v3.21.0 - 26-05-2024 *\/\n.elementor-widget-text-editor.elementor-drop-cap-view-stacked .elementor-drop-cap{background-color:#69727d;color:#fff}.elementor-widget-text-editor.elementor-drop-cap-view-framed .elementor-drop-cap{color:#69727d;border:3px solid;background-color:transparent}.elementor-widget-text-editor:not(.elementor-drop-cap-view-default) .elementor-drop-cap{margin-top:8px}.elementor-widget-text-editor:not(.elementor-drop-cap-view-default) .elementor-drop-cap-letter{width:1em;height:1em}.elementor-widget-text-editor .elementor-drop-cap{float:left;text-align:center;line-height:1;font-size:50px}.elementor-widget-text-editor .elementor-drop-cap-letter{display:inline-block}<\/style>\t\t\t\t<p>\u015alusarz<\/p><p>Spawacz TIG MIG<\/p><p>Operator spawarki laserowej<\/p><p>Operator malarni proszkowej<\/p><p>Monter<\/p><p>Technolog<\/p>\t\t\t\t\t\t<\/div>\n\t\t\t\t<\/div>\n\t\t\t\t\t<\/div>\n\t\t<\/div>\n\t\t\t\t<div class=\"elementor-column elementor-col-50 elementor-top-column elementor-element elementor-element-6a32d74\" data-id=\"6a32d74\" data-element_type=\"column\">\n\t\t\t<div class=\"elementor-widget-wrap elementor-element-populated\">\n\t\t\t\t\t\t<div class=\"elementor-element elementor-element-4f9ace8 elementor-widget elementor-widget-heading\" data-id=\"4f9ace8\" data-element_type=\"widget\" data-widget_type=\"heading.default\">\n\t\t\t\t<div class=\"elementor-widget-container\">\n\t\t\t<h2 class=\"elementor-heading-title elementor-size-default\">Nasze kluczowe realizacje<\/h2>\t\t<\/div>\n\t\t\t\t<\/div>\n\t\t\t\t<div class=\"elementor-element elementor-element-a08707e elementor-widget elementor-widget-text-editor\" data-id=\"a08707e\" data-element_type=\"widget\" data-widget_type=\"text-editor.default\">\n\t\t\t\t<div class=\"elementor-widget-container\">\n\t\t\t\t\t\t\t<ul><li>Stadion Narodowy w Warszawie<\/li><li>Ambasada RP w Berlinie<\/li><li>Stadion PGE Arena w Gda\u0144sku<\/li><li>Siedziba g\u0142\u00f3wna STATOIL w Bergen (Norwegia)<\/li><li>Uniwersytet Karoli\u0144ska w Sztokholmie (Szwecja)<\/li><\/ul>\t\t\t\t\t\t<\/div>\n\t\t\t\t<\/div>\n\t\t\t\t\t<\/div>\n\t\t<\/div>\n\t\t\t\t\t<\/div>\n\t\t<\/section>\n\t\t\t\t<section class=\"elementor-section elementor-top-section elementor-element elementor-element-29f456d elementor-section-boxed elementor-section-height-default elementor-section-height-default\" data-id=\"29f456d\" data-element_type=\"section\">\n\t\t\t\t\t\t<div class=\"elementor-container elementor-column-gap-custom\">\n\t\t\t\t\t<div class=\"elementor-column elementor-col-50 elementor-top-column elementor-element elementor-element-aacd55b\" data-id=\"aacd55b\" data-element_type=\"column\">\n\t\t\t<div class=\"elementor-widget-wrap elementor-element-populated\">\n\t\t\t\t\t\t<div class=\"elementor-element elementor-element-b59450e elementor-widget elementor-widget-heading\" data-id=\"b59450e\" data-element_type=\"widget\" data-widget_type=\"heading.default\">\n\t\t\t\t<div class=\"elementor-widget-container\">\n\t\t\t<h2 class=\"elementor-heading-title elementor-size-default\">Kim jeste\u015bmy?<\/h2>\t\t<\/div>\n\t\t\t\t<\/div>\n\t\t\t\t<div class=\"elementor-element elementor-element-68c0749 elementor-widget elementor-widget-text-editor\" data-id=\"68c0749\" data-element_type=\"widget\" data-widget_type=\"text-editor.default\">\n\t\t\t\t<div class=\"elementor-widget-container\">\n\t\t\t\t\t\t\t<p>Jeste\u015bmy stabiln\u0105 firm\u0105 z 30-letnim do\u015bwiadczeniem, czo\u0142owym producentem balustrad ze stali i szk\u0142a, schod\u00f3w oraz elewacji. Niedawno otworzyli\u015bmy nowoczesn\u0105 malarni\u0119 proszkow\u0105, wyposa\u017con\u0105 w najnowsze technologie.<\/p><p>Realizujemy inwestycje na terenie Polski, Europy Zachodniej oraz Skandynawii, a nasze produkty docieraj\u0105 do klient\u00f3w na ca\u0142ym \u015bwiecie, w tym w Europie, Stanach Zjednoczonych i Dubaju.<\/p>\t\t\t\t\t\t<\/div>\n\t\t\t\t<\/div>\n\t\t\t\t\t<\/div>\n\t\t<\/div>\n\t\t\t\t<div class=\"elementor-column elementor-col-50 elementor-top-column elementor-element elementor-element-78dc256\" data-id=\"78dc256\" data-element_type=\"column\">\n\t\t\t<div class=\"elementor-widget-wrap elementor-element-populated\">\n\t\t\t\t\t\t<div class=\"elementor-element elementor-element-aadcb1d elementor-widget elementor-widget-heading\" data-id=\"aadcb1d\" data-element_type=\"widget\" data-widget_type=\"heading.default\">\n\t\t\t\t<div class=\"elementor-widget-container\">\n\t\t\t<h2 class=\"elementor-heading-title elementor-size-default\">Nasze kluczowe realizacje<\/h2>\t\t<\/div>\n\t\t\t\t<\/div>\n\t\t\t\t<div class=\"elementor-element elementor-element-73c5008 elementor-widget elementor-widget-text-editor\" data-id=\"73c5008\" data-element_type=\"widget\" data-widget_type=\"text-editor.default\">\n\t\t\t\t<div class=\"elementor-widget-container\">\n\t\t\t\t\t\t\t<p>Je\u015bli chcesz pracowa\u0107 przy innowacyjnych projektach, jeste\u015b osob\u0105 dynamiczn\u0105, kreatywn\u0105 i zaanga\u017cowan\u0105, zapraszamy do naszego zespo\u0142u. W gronie 70 pracownik\u00f3w dbamy o rozw\u00f3j zawodowy i komfort ka\u017cdego z nas. Oferujemy zatrudnienie wy\u0142\u0105cznie na umow\u0119 o prac\u0119, w systemie jednozmianowym.<\/p>\t\t\t\t\t\t<\/div>\n\t\t\t\t<\/div>\n\t\t\t\t\t<\/div>\n\t\t<\/div>\n\t\t\t\t\t<\/div>\n\t\t<\/section>\n\t\t\t\t<section class=\"elementor-section elementor-top-section elementor-element elementor-element-ec8fbf3 elementor-section-boxed elementor-section-height-default elementor-section-height-default\" data-id=\"ec8fbf3\" data-element_type=\"section\">\n\t\t\t\t\t\t<div class=\"elementor-container elementor-column-gap-custom\">\n\t\t\t\t\t<div class=\"elementor-column elementor-col-100 elementor-top-column elementor-element elementor-element-a59949b\" data-id=\"a59949b\" data-element_type=\"column\">\n\t\t\t<div class=\"elementor-widget-wrap elementor-element-populated\">\n\t\t\t\t\t\t<div class=\"elementor-element elementor-element-1ffdd5b elementor-widget elementor-widget-text-editor\" data-id=\"1ffdd5b\" data-element_type=\"widget\" data-widget_type=\"text-editor.default\">\n\t\t\t\t<div class=\"elementor-widget-container\">\n\t\t\t\t\t\t\t<p>Prosimy o przes\u0142anie swojego CV i listu motywacyjnego na adres sekretariat@esjot.biz.p lub dostarczenie do siedziby firmy na adres Chrz\u0105stkowo 25, 78-600 Wa\u0142cz.<\/p><p>Wi\u0119cej informacji mo\u017cna uzyska\u0107 pod numerem +48 67 258 93 23.<\/p>\t\t\t\t\t\t<\/div>\n\t\t\t\t<\/div>\n\t\t\t\t\t<\/div>\n\t\t<\/div>\n\t\t\t\t\t<\/div>\n\t\t<\/section>\n\t\t\t\t<section class=\"elementor-section elementor-top-section elementor-element elementor-element-e383506 elementor-section-boxed elementor-section-height-default elementor-section-height-default\" data-id=\"e383506\" data-element_type=\"section\">\n\t\t\t\t\t\t<div class=\"elementor-container elementor-column-gap-default\">\n\t\t\t\t\t<div class=\"elementor-column elementor-col-100 elementor-top-column elementor-element elementor-element-25ae3a4\" data-id=\"25ae3a4\" data-element_type=\"column\">\n\t\t\t<div class=\"elementor-widget-wrap elementor-element-populated\">\n\t\t\t\t\t\t<div class=\"elementor-element elementor-element-825be75 gallery-spacing-custom elementor-widget elementor-widget-image-gallery\" data-id=\"825be75\" data-element_type=\"widget\" data-widget_type=\"image-gallery.default\">\n\t\t\t\t<div class=\"elementor-widget-container\">\n\t\t\t<style>\/*! elementor - v3.21.0 - 26-05-2024 *\/\n.elementor-image-gallery .gallery-item{display:inline-block;text-align:center;vertical-align:top;width:100%;max-width:100%;margin:0 auto}.elementor-image-gallery .gallery-item img{margin:0 auto}.elementor-image-gallery .gallery-item .gallery-caption{margin:0}.elementor-image-gallery figure img{display:block}.elementor-image-gallery figure figcaption{width:100%}.gallery-spacing-custom .elementor-image-gallery .gallery-icon{padding:0}@media (min-width:768px){.elementor-image-gallery .gallery-columns-2 .gallery-item{max-width:50%}.elementor-image-gallery .gallery-columns-3 .gallery-item{max-width:33.33%}.elementor-image-gallery .gallery-columns-4 .gallery-item{max-width:25%}.elementor-image-gallery .gallery-columns-5 .gallery-item{max-width:20%}.elementor-image-gallery .gallery-columns-6 .gallery-item{max-width:16.666%}.elementor-image-gallery .gallery-columns-7 .gallery-item{max-width:14.28%}.elementor-image-gallery .gallery-columns-8 .gallery-item{max-width:12.5%}.elementor-image-gallery .gallery-columns-9 .gallery-item{max-width:11.11%}.elementor-image-gallery .gallery-columns-10 .gallery-item{max-width:10%}}@media (min-width:480px) and (max-width:767px){.elementor-image-gallery .gallery.gallery-columns-2 .gallery-item,.elementor-image-gallery .gallery.gallery-columns-3 .gallery-item,.elementor-image-gallery .gallery.gallery-columns-4 .gallery-item,.elementor-image-gallery .gallery.gallery-columns-5 .gallery-item,.elementor-image-gallery .gallery.gallery-columns-6 .gallery-item,.elementor-image-gallery .gallery.gallery-columns-7 .gallery-item,.elementor-image-gallery .gallery.gallery-columns-8 .gallery-item,.elementor-image-gallery .gallery.gallery-columns-9 .gallery-item,.elementor-image-gallery .gallery.gallery-columns-10 .gallery-item{max-width:50%}}@media (max-width:479px){.elementor-image-gallery .gallery.gallery-columns-2 .gallery-item,.elementor-image-gallery .gallery.gallery-columns-3 .gallery-item,.elementor-image-gallery .gallery.gallery-columns-4 .gallery-item,.elementor-image-gallery .gallery.gallery-columns-5 .gallery-item,.elementor-image-gallery .gallery.gallery-columns-6 .gallery-item,.elementor-image-gallery .gallery.gallery-columns-7 .gallery-item,.elementor-image-gallery .gallery.gallery-columns-8 .gallery-item,.elementor-image-gallery .gallery.gallery-columns-9 .gallery-item,.elementor-image-gallery .gallery.gallery-columns-10 .gallery-item{max-width:100%}}<\/style>\t\t<div class=\"elementor-image-gallery\">\n\t\t\t<div id='gallery-1' class='gallery galleryid-5790 gallery-columns-2 gallery-size-full'><figure class='gallery-item'>\n\t\t\t<div class='gallery-icon landscape'>\n\t\t\t\t<img decoding=\"async\" width=\"800\" height=\"533\" src=\"https:\/\/esjot.biz.pl\/wp-content\/uploads\/2024\/08\/Esjot-54.jpg\" class=\"attachment-full size-full\" alt=\"\" srcset=\"https:\/\/esjot.biz.pl\/wp-content\/uploads\/2024\/08\/Esjot-54.jpg 800w, https:\/\/esjot.biz.pl\/wp-content\/uploads\/2024\/08\/Esjot-54-300x200.jpg 300w, https:\/\/esjot.biz.pl\/wp-content\/uploads\/2024\/08\/Esjot-54-768x512.jpg 768w, https:\/\/esjot.biz.pl\/wp-content\/uploads\/2024\/08\/Esjot-54-18x12.jpg 18w\" sizes=\"(max-width: 800px) 100vw, 800px\" \/>\n\t\t\t<\/div><\/figure><figure class='gallery-item'>\n\t\t\t<div class='gallery-icon landscape'>\n\t\t\t\t<img decoding=\"async\" width=\"800\" height=\"533\" src=\"https:\/\/esjot.biz.pl\/wp-content\/uploads\/2024\/08\/Esjot-60.jpg\" class=\"attachment-full size-full\" alt=\"\" srcset=\"https:\/\/esjot.biz.pl\/wp-content\/uploads\/2024\/08\/Esjot-60.jpg 800w, https:\/\/esjot.biz.pl\/wp-content\/uploads\/2024\/08\/Esjot-60-300x200.jpg 300w, https:\/\/esjot.biz.pl\/wp-content\/uploads\/2024\/08\/Esjot-60-768x512.jpg 768w, https:\/\/esjot.biz.pl\/wp-content\/uploads\/2024\/08\/Esjot-60-18x12.jpg 18w\" sizes=\"(max-width: 800px) 100vw, 800px\" \/>\n\t\t\t<\/div><\/figure><figure class='gallery-item'>\n\t\t\t<div class='gallery-icon landscape'>\n\t\t\t\t<img loading=\"lazy\" decoding=\"async\" width=\"800\" height=\"533\" src=\"https:\/\/esjot.biz.pl\/wp-content\/uploads\/2024\/08\/Esjot-63.jpg\" class=\"attachment-full size-full\" alt=\"\" srcset=\"https:\/\/esjot.biz.pl\/wp-content\/uploads\/2024\/08\/Esjot-63.jpg 800w, https:\/\/esjot.biz.pl\/wp-content\/uploads\/2024\/08\/Esjot-63-300x200.jpg 300w, https:\/\/esjot.biz.pl\/wp-content\/uploads\/2024\/08\/Esjot-63-768x512.jpg 768w, https:\/\/esjot.biz.pl\/wp-content\/uploads\/2024\/08\/Esjot-63-18x12.jpg 18w\" sizes=\"(max-width: 800px) 100vw, 800px\" \/>\n\t\t\t<\/div><\/figure><figure class='gallery-item'>\n\t\t\t<div class='gallery-icon landscape'>\n\t\t\t\t<img loading=\"lazy\" decoding=\"async\" width=\"800\" height=\"533\" src=\"https:\/\/esjot.biz.pl\/wp-content\/uploads\/2024\/08\/Esjot-67.jpg\" class=\"attachment-full size-full\" alt=\"\" srcset=\"https:\/\/esjot.biz.pl\/wp-content\/uploads\/2024\/08\/Esjot-67.jpg 800w, https:\/\/esjot.biz.pl\/wp-content\/uploads\/2024\/08\/Esjot-67-300x200.jpg 300w, https:\/\/esjot.biz.pl\/wp-content\/uploads\/2024\/08\/Esjot-67-768x512.jpg 768w, https:\/\/esjot.biz.pl\/wp-content\/uploads\/2024\/08\/Esjot-67-18x12.jpg 18w\" sizes=\"(max-width: 800px) 100vw, 800px\" \/>\n\t\t\t<\/div><\/figure><figure class='gallery-item'>\n\t\t\t<div class='gallery-icon landscape'>\n\t\t\t\t<img loading=\"lazy\" decoding=\"async\" width=\"800\" height=\"533\" src=\"https:\/\/esjot.biz.pl\/wp-content\/uploads\/2024\/08\/Esjot-71.jpg\" class=\"attachment-full size-full\" alt=\"\" srcset=\"https:\/\/esjot.biz.pl\/wp-content\/uploads\/2024\/08\/Esjot-71.jpg 800w, https:\/\/esjot.biz.pl\/wp-content\/uploads\/2024\/08\/Esjot-71-300x200.jpg 300w, https:\/\/esjot.biz.pl\/wp-content\/uploads\/2024\/08\/Esjot-71-768x512.jpg 768w, https:\/\/esjot.biz.pl\/wp-content\/uploads\/2024\/08\/Esjot-71-18x12.jpg 18w\" sizes=\"(max-width: 800px) 100vw, 800px\" \/>\n\t\t\t<\/div><\/figure><figure class='gallery-item'>\n\t\t\t<div class='gallery-icon landscape'>\n\t\t\t\t<img loading=\"lazy\" decoding=\"async\" width=\"800\" height=\"533\" src=\"https:\/\/esjot.biz.pl\/wp-content\/uploads\/2024\/08\/Esjot-73.jpg\" class=\"attachment-full size-full\" alt=\"\" srcset=\"https:\/\/esjot.biz.pl\/wp-content\/uploads\/2024\/08\/Esjot-73.jpg 800w, https:\/\/esjot.biz.pl\/wp-content\/uploads\/2024\/08\/Esjot-73-300x200.jpg 300w, https:\/\/esjot.biz.pl\/wp-content\/uploads\/2024\/08\/Esjot-73-768x512.jpg 768w, https:\/\/esjot.biz.pl\/wp-content\/uploads\/2024\/08\/Esjot-73-18x12.jpg 18w\" sizes=\"(max-width: 800px) 100vw, 800px\" \/>\n\t\t\t<\/div><\/figure>\n\t\t<\/div>\n\t\t<\/div>\n\t\t\t\t<\/div>\n\t\t\t\t<\/div>\n\t\t\t\t\t<\/div>\n\t\t<\/div>\n\t\t\t\t\t<\/div>\n\t\t<\/section>\n\t\t\t\t<\/div>","protected":false},"excerpt":{"rendered":"<p>KARIERA AKTUALNE OFERTY PRACY OFERTY PRACY rekrutujemy na stanowiska \u015alusarz Spawacz TIG MIG Operator spawarki laserowej Operator malarni proszkowej Monter Technolog Nasze kluczowe realizacje Stadion Narodowy w Warszawie Ambasada RP w Berlinie Stadion PGE Arena w Gda\u0144sku Siedziba g\u0142\u00f3wna STATOIL w Bergen (Norwegia) Uniwersytet Karoli\u0144ska w Sztokholmie (Szwecja) Kim jeste\u015bmy? Jeste\u015bmy stabiln\u0105 firm\u0105 z 30-letnim [&hellip;]<\/p>","protected":false},"author":1,"featured_media":0,"parent":0,"menu_order":0,"comment_status":"closed","ping_status":"closed","template":"full-width.php","meta":{"_acf_changed":false,"inline_featured_image":false,"footnotes":""},"class_list":["post-5790","page","type-page","status-publish","hentry"],"acf":[],"_links":{"self":[{"href":"https:\/\/esjot.biz.pl\/en\/wp-json\/wp\/v2\/pages\/5790","targetHints":{"allow":["GET"]}}],"collection":[{"href":"https:\/\/esjot.biz.pl\/en\/wp-json\/wp\/v2\/pages"}],"about":[{"href":"https:\/\/esjot.biz.pl\/en\/wp-json\/wp\/v2\/types\/page"}],"author":[{"embeddable":true,"href":"https:\/\/esjot.biz.pl\/en\/wp-json\/wp\/v2\/users\/1"}],"replies":[{"embeddable":true,"href":"https:\/\/esjot.biz.pl\/en\/wp-json\/wp\/v2\/comments?post=5790"}],"version-history":[{"count":53,"href":"https:\/\/esjot.biz.pl\/en\/wp-json\/wp\/v2\/pages\/5790\/revisions"}],"predecessor-version":[{"id":5852,"href":"https:\/\/esjot.biz.pl\/en\/wp-json\/wp\/v2\/pages\/5790\/revisions\/5852"}],"wp:attachment":[{"href":"https:\/\/esjot.biz.pl\/en\/wp-json\/wp\/v2\/media?parent=5790"}],"curies":[{"name":"wp","href":"https:\/\/api.w.org\/{rel}","templated":true}]}}